{"id":738,"date":"2025-09-14T09:20:40","date_gmt":"2025-09-14T09:20:40","guid":{"rendered":"https:\/\/karlostman.com\/Olle_Wp\/?page_id=738"},"modified":"2025-10-02T09:47:11","modified_gmt":"2025-10-02T09:47:11","slug":"invigning-av-monumentet","status":"publish","type":"page","link":"https:\/\/karlostman.com\/Olle_Wp\/invigning-av-monumentet\/","title":{"rendered":"Invigning av monumentet"},"content":{"rendered":"\n<style type=\"text\/css\" data-created_by=\"avia_inline_auto\" id=\"style-css-av-bkct6-15b344ea995f7a80209ecbd7a50ff6d6\">\n.avia-section.av-bkct6-15b344ea995f7a80209ecbd7a50ff6d6{\nbackground-color:rgba(237,202,142,0.35);\nbackground-image:unset;\n}\n<\/style>\n<div id='av_section_1'  class='avia-section av-bkct6-15b344ea995f7a80209ecbd7a50ff6d6 main_color avia-section-no-padding avia-no-border-styling  avia-builder-el-0  el_before_av_section  avia-builder-el-first  avia-bg-style-scroll container_wrap fullsize'  ><div class='container av-section-cont-open' ><main  role=\"main\" itemprop=\"mainContentOfPage\"  class='template-page content  av-content-full alpha units'><div class='post-entry post-entry-type-page post-entry-738'><div class='entry-content-wrapper clearfix'>\n<div  class='flex_column av-dn5pm-b6d86f471545568823b8fc9682fce93c av_one_half  avia-builder-el-1  el_before_av_one_half  avia-builder-el-first  first flex_column_div  '     ><section  class='av_textblock_section av-mfdm9ico-ce380d0e05376c6cbc1fdb43c61839f1 '   itemscope=\"itemscope\" itemtype=\"https:\/\/schema.org\/CreativeWork\" ><div class='avia_textblock'  itemprop=\"text\" ><p><strong>Invigningen av Karl \u00d6stman-monumentet.<\/strong><br \/>\nEn folkmusiksorkester interfolierade invigningen av Karl \u00d6stman reliefen, som avt\u00e4cktes femtio \u00e5r efter f\u00f6rfattarens d\u00f6d, 2003. Platsen var Karl \u00d6stmans tomt vid j\u00e4rn\u00e5ldersgravarna n\u00e4ra nuvarande Skandic Hotell, d\u00e4r hans hus stod till ombyggnaden av E4 p\u00e5 60-talet. Arbetarkommunens ordf\u00f6rande Roger Johansson prydde<\/p>\n<\/div><\/section><\/div><div  class='flex_column av-8rt7m-7ba76941f53c91d5309a8ddfd891f56c av_one_half  avia-builder-el-3  el_after_av_one_half  avia-builder-el-last  flex_column_div  '     ><section  class='av_textblock_section av-mfdmadsu-b756edba8f3902508265ccc82a33104e '   itemscope=\"itemscope\" itemtype=\"https:\/\/schema.org\/CreativeWork\" ><div class='avia_textblock'  itemprop=\"text\" ><p>sj\u00e4lv platsen med de r\u00f6da fanorna. N\u00e4rvarande var initiativtagaren till minnesplatsen Sten Rigedahl Medelpadsakademin, skulptrisen Unni Brekke, dotters\u00f6nerna Jan och G\u00f6ran Wredenberg samt festtalaren Nils Johan Tj\u00e4rnlund och en intresserad publik.<br \/>\n<em>Sten Rigedahl<\/em><\/p>\n<\/div><\/section><\/div>\n\n<\/div><\/div><\/main><!-- close content main element --><\/div><\/div>\n<style type=\"text\/css\" data-created_by=\"avia_inline_auto\" id=\"style-css-av-mfjeylk7-0dd45f27bda1a819258bff4357f9f270\">\n.avia-section.av-mfjeylk7-0dd45f27bda1a819258bff4357f9f270{\nbackground-color:#b2b2b2;\nbackground-image:unset;\n}\n<\/style>\n<div id='av_section_2'  class='avia-section av-mfjeylk7-0dd45f27bda1a819258bff4357f9f270 main_color avia-section-default avia-no-border-styling  avia-builder-el-5  el_after_av_section  el_before_av_section  avia-bg-style-scroll av-minimum-height av-minimum-height-custom av-height-custom  container_wrap fullsize'   data-av_minimum_height_px='500'><div class='container av-section-cont-open' style='height:500px'><div class='template-page content  av-content-full alpha units'><div class='post-entry post-entry-type-page post-entry-738'><div class='entry-content-wrapper clearfix'>\n<div  class='flex_column av-lxfd6-a2dc753c474edc5eb5a669a867b418d5 av_one_third  avia-builder-el-6  el_before_av_one_third  avia-builder-el-first  first flex_column_div  '     ><p>\n<style type=\"text\/css\" data-created_by=\"avia_inline_auto\" id=\"style-css-av-mfjgca00-50f3d9a5d99fccb5185ddf0803d8c220\">\n.avia-image-container.av-mfjgca00-50f3d9a5d99fccb5185ddf0803d8c220 img.avia_image{\nbox-shadow:none;\n}\n.avia-image-container.av-mfjgca00-50f3d9a5d99fccb5185ddf0803d8c220 .av-image-caption-overlay-center{\ncolor:#ffffff;\n}\n<\/style>\n<div  class='avia-image-container av-mfjgca00-50f3d9a5d99fccb5185ddf0803d8c220 av-styling- avia-align-center  avia-builder-el-7  el_before_av_textblock  avia-builder-el-first '   itemprop=\"image\" itemscope=\"itemscope\" itemtype=\"https:\/\/schema.org\/ImageObject\" ><div class=\"avia-image-container-inner\"><div class=\"avia-image-overlay-wrap\"><img decoding=\"async\" fetchpriority=\"high\" class='wp-image-514 avia-img-lazy-loading-not-514 avia_image ' src=\"https:\/\/karlostman.com\/Olle_Wp\/wp-content\/uploads\/2025\/09\/Scanned-Picture-4.jpg\" alt='' title='Scanned Picture 4'  height=\"258\" width=\"399\"  itemprop=\"thumbnailUrl\" srcset=\"https:\/\/karlostman.com\/Olle_Wp\/wp-content\/uploads\/2025\/09\/Scanned-Picture-4.jpg 399w, https:\/\/karlostman.com\/Olle_Wp\/wp-content\/uploads\/2025\/09\/Scanned-Picture-4-300x194.jpg 300w\" sizes=\"(max-width: 399px) 100vw, 399px\" \/><\/div><\/div><\/div><br \/>\n<section  class='av_textblock_section av-mfdmxjjb-95db215dea2e018271195e5c7ebd3131 '   itemscope=\"itemscope\" itemtype=\"https:\/\/schema.org\/CreativeWork\" ><div class='avia_textblock'  itemprop=\"text\" ><p><span class=\"bildtext_3\">Fr\u00e5n v\u00e4nster: Roger Johansson, Sten Rigedahl och Nils Johan Tjernlund<\/span><br \/>\n<br class=\"avia-permanent-lb\" \/> <br class=\"avia-permanent-lb\" \/><\/p>\n<\/div><\/section><br \/>\n\n<style type=\"text\/css\" data-created_by=\"avia_inline_auto\" id=\"style-css-av-mfjgigx4-85ece5a54b35d408ccbb6fa9d303ae6c\">\n.avia-image-container.av-mfjgigx4-85ece5a54b35d408ccbb6fa9d303ae6c img.avia_image{\nbox-shadow:none;\n}\n.avia-image-container.av-mfjgigx4-85ece5a54b35d408ccbb6fa9d303ae6c .av-image-caption-overlay-center{\ncolor:#ffffff;\n}\n<\/style>\n<div  class='avia-image-container av-mfjgigx4-85ece5a54b35d408ccbb6fa9d303ae6c av-styling- avia-align-center  avia-builder-el-9  el_after_av_textblock  el_before_av_textblock '   itemprop=\"image\" itemscope=\"itemscope\" itemtype=\"https:\/\/schema.org\/ImageObject\" ><div class=\"avia-image-container-inner\"><div class=\"avia-image-overlay-wrap\"><img decoding=\"async\" fetchpriority=\"high\" class='wp-image-510 avia-img-lazy-loading-not-510 avia_image ' src=\"https:\/\/karlostman.com\/Olle_Wp\/wp-content\/uploads\/2025\/09\/Scanned-Picture-1.jpg\" alt='' title='Scanned Picture 1'  height=\"242\" width=\"369\"  itemprop=\"thumbnailUrl\" srcset=\"https:\/\/karlostman.com\/Olle_Wp\/wp-content\/uploads\/2025\/09\/Scanned-Picture-1.jpg 369w, https:\/\/karlostman.com\/Olle_Wp\/wp-content\/uploads\/2025\/09\/Scanned-Picture-1-300x197.jpg 300w\" sizes=\"(max-width: 369px) 100vw, 369px\" \/><\/div><\/div><\/div><br \/>\n<section  class='av_textblock_section av-mfjgrozp-23f12c2baa3878a7aaae3a976b6151b7 '   itemscope=\"itemscope\" itemtype=\"https:\/\/schema.org\/CreativeWork\" ><div class='avia_textblock'  itemprop=\"text\" ><p><span class=\"bildtext_3\">Musik stod bla. Lars Almestad till v\u00e4nster och Gun-Britt Hermansson f\u00f6r.<\/span><\/p>\n<\/div><\/section><\/p><\/div><div  class='flex_column av-1f3w2-0eb518833fd3e4b029f96a6796898b08 av_one_third  avia-builder-el-11  el_after_av_one_third  el_before_av_one_third  flex_column_div  '     ><p>\n<style type=\"text\/css\" data-created_by=\"avia_inline_auto\" id=\"style-css-av-mfjgd0g8-6a49e94c2adbad4c865e8e93c8692c87\">\n.avia-image-container.av-mfjgd0g8-6a49e94c2adbad4c865e8e93c8692c87 img.avia_image{\nbox-shadow:none;\n}\n.avia-image-container.av-mfjgd0g8-6a49e94c2adbad4c865e8e93c8692c87 .av-image-caption-overlay-center{\ncolor:#ffffff;\n}\n<\/style>\n<div  class='avia-image-container av-mfjgd0g8-6a49e94c2adbad4c865e8e93c8692c87 av-styling- avia-align-center  avia-builder-el-12  el_before_av_textblock  avia-builder-el-first '   itemprop=\"image\" itemscope=\"itemscope\" itemtype=\"https:\/\/schema.org\/ImageObject\" ><div class=\"avia-image-container-inner\"><div class=\"avia-image-overlay-wrap\"><img decoding=\"async\" fetchpriority=\"high\" class='wp-image-516 avia-img-lazy-loading-not-516 avia_image ' src=\"https:\/\/karlostman.com\/Olle_Wp\/wp-content\/uploads\/2025\/09\/Scanned-Picture-5_1.jpg\" alt='' title='Scanned Picture 5_1'  height=\"246\" width=\"350\"  itemprop=\"thumbnailUrl\" srcset=\"https:\/\/karlostman.com\/Olle_Wp\/wp-content\/uploads\/2025\/09\/Scanned-Picture-5_1.jpg 350w, https:\/\/karlostman.com\/Olle_Wp\/wp-content\/uploads\/2025\/09\/Scanned-Picture-5_1-300x211.jpg 300w\" sizes=\"(max-width: 350px) 100vw, 350px\" \/><\/div><\/div><\/div><br \/>\n<section  class='av_textblock_section av-mfdqhgoi-838559d8325b3464881bc426a7bffc35 '   itemscope=\"itemscope\" itemtype=\"https:\/\/schema.org\/CreativeWork\" ><div class='avia_textblock'  itemprop=\"text\" ><p><span class=\"bildtext_3\">P\u00e5 h\u00f6gra bilden: Fr\u00e5n v\u00e4nster: Sten Rigedahl, G\u00f6ran Wredenberg och \u00c5ke Johansson.<\/span><\/p>\n<\/div><\/section><br \/>\n\n<style type=\"text\/css\" data-created_by=\"avia_inline_auto\" id=\"style-css-av-mfjgjg0g-d16f52fbefb777733047ca516d45250a\">\n.avia-image-container.av-mfjgjg0g-d16f52fbefb777733047ca516d45250a img.avia_image{\nbox-shadow:none;\n}\n.avia-image-container.av-mfjgjg0g-d16f52fbefb777733047ca516d45250a .av-image-caption-overlay-center{\ncolor:#ffffff;\n}\n<\/style>\n<div  class='avia-image-container av-mfjgjg0g-d16f52fbefb777733047ca516d45250a av-styling- avia-align-center  avia-builder-el-14  el_after_av_textblock  el_before_av_textblock '   itemprop=\"image\" itemscope=\"itemscope\" itemtype=\"https:\/\/schema.org\/ImageObject\" ><div class=\"avia-image-container-inner\"><div class=\"avia-image-overlay-wrap\"><img decoding=\"async\" fetchpriority=\"high\" class='wp-image-513 avia-img-lazy-loading-not-513 avia_image ' src=\"https:\/\/karlostman.com\/Olle_Wp\/wp-content\/uploads\/2025\/09\/Scanned-Picture-3.jpg\" alt='' title='Scanned Picture 3'  height=\"281\" width=\"360\"  itemprop=\"thumbnailUrl\" srcset=\"https:\/\/karlostman.com\/Olle_Wp\/wp-content\/uploads\/2025\/09\/Scanned-Picture-3.jpg 360w, https:\/\/karlostman.com\/Olle_Wp\/wp-content\/uploads\/2025\/09\/Scanned-Picture-3-300x234.jpg 300w\" sizes=\"(max-width: 360px) 100vw, 360px\" \/><\/div><\/div><\/div><br \/>\n<section  class='av_textblock_section av-mfjgqhin-26d9ed4f08db185360c939638c82ae25 '   itemscope=\"itemscope\" itemtype=\"https:\/\/schema.org\/CreativeWork\" ><div class='avia_textblock'  itemprop=\"text\" ><p><span class=\"bildtext_3\">Bilden till v\u00e4nster: Nils Johan Tjernlund. Till h\u00f6ger Jan Wredenberg <\/span><\/p>\n<\/div><\/section><\/p><\/div><div  class='flex_column av-u3pu-f51daaf6ed121c264f9b8dcc6dbe0a2d av_one_third  avia-builder-el-16  el_after_av_one_third  avia-builder-el-last  flex_column_div  '     ><p>\n<style type=\"text\/css\" data-created_by=\"avia_inline_auto\" id=\"style-css-av-mfjgdg7c-98d2361978419cf41f6228e75f2c2ba4\">\n.avia-image-container.av-mfjgdg7c-98d2361978419cf41f6228e75f2c2ba4 img.avia_image{\nbox-shadow:none;\n}\n.avia-image-container.av-mfjgdg7c-98d2361978419cf41f6228e75f2c2ba4 .av-image-caption-overlay-center{\ncolor:#ffffff;\n}\n<\/style>\n<div  class='avia-image-container av-mfjgdg7c-98d2361978419cf41f6228e75f2c2ba4 av-styling- avia-align-center  avia-builder-el-17  el_before_av_textblock  avia-builder-el-first '   itemprop=\"image\" itemscope=\"itemscope\" itemtype=\"https:\/\/schema.org\/ImageObject\" ><div class=\"avia-image-container-inner\"><div class=\"avia-image-overlay-wrap\"><img decoding=\"async\" fetchpriority=\"high\" class='wp-image-511 avia-img-lazy-loading-not-511 avia_image ' src=\"https:\/\/karlostman.com\/Olle_Wp\/wp-content\/uploads\/2025\/09\/Scanned-Picture-2.jpg\" alt='' title='Scanned Picture 2'  height=\"235\" width=\"372\"  itemprop=\"thumbnailUrl\" srcset=\"https:\/\/karlostman.com\/Olle_Wp\/wp-content\/uploads\/2025\/09\/Scanned-Picture-2.jpg 372w, https:\/\/karlostman.com\/Olle_Wp\/wp-content\/uploads\/2025\/09\/Scanned-Picture-2-300x190.jpg 300w\" sizes=\"(max-width: 372px) 100vw, 372px\" \/><\/div><\/div><\/div><br \/>\n<section  class='av_textblock_section av-mfdn9iog-c55406d617f72b03932e4b6ade7ae802 '   itemscope=\"itemscope\" itemtype=\"https:\/\/schema.org\/CreativeWork\" ><div class='avia_textblock'  itemprop=\"text\" ><p><span class=\"bildtext_3\">Fr\u00e5n v\u00e4nster: Roger Johansson, Unni Brekke, Jan Wredenberg, G\u00f6ran Wredenberg.<\/span><\/p>\n<\/div><\/section><\/p><\/div><\/div><\/div><\/div><!-- close content main div --><\/div><\/div>\n<style type=\"text\/css\" data-created_by=\"avia_inline_auto\" id=\"style-css-av-mfjdoi8r-1817a237f6ee040a99f81964efd5becc\">\n.avia-section.av-mfjdoi8r-1817a237f6ee040a99f81964efd5becc{\nbackground-color:#b2b2b2;\nbackground-image:unset;\n}\n<\/style>\n<div id='av_section_3'  class='avia-section av-mfjdoi8r-1817a237f6ee040a99f81964efd5becc main_color avia-section-default avia-no-border-styling  avia-builder-el-19  el_after_av_section  avia-builder-el-last  avia-bg-style-scroll container_wrap fullsize'  ><div class='container av-section-cont-open' ><div class='template-page content  av-content-full alpha units'><div class='post-entry post-entry-type-page post-entry-738'><div class='entry-content-wrapper clearfix'><\/p>\n","protected":false},"excerpt":{"rendered":"","protected":false},"author":1,"featured_media":0,"parent":0,"menu_order":0,"comment_status":"closed","ping_status":"closed","template":"","meta":{"footnotes":""},"class_list":["post-738","page","type-page","status-publish","hentry"],"_links":{"self":[{"href":"https:\/\/karlostman.com\/Olle_Wp\/wp-json\/wp\/v2\/pages\/738","targetHints":{"allow":["GET"]}}],"collection":[{"href":"https:\/\/karlostman.com\/Olle_Wp\/wp-json\/wp\/v2\/pages"}],"about":[{"href":"https:\/\/karlostman.com\/Olle_Wp\/wp-json\/wp\/v2\/types\/page"}],"author":[{"embeddable":true,"href":"https:\/\/karlostman.com\/Olle_Wp\/wp-json\/wp\/v2\/users\/1"}],"replies":[{"embeddable":true,"href":"https:\/\/karlostman.com\/Olle_Wp\/wp-json\/wp\/v2\/comments?post=738"}],"version-history":[{"count":6,"href":"https:\/\/karlostman.com\/Olle_Wp\/wp-json\/wp\/v2\/pages\/738\/revisions"}],"predecessor-version":[{"id":868,"href":"https:\/\/karlostman.com\/Olle_Wp\/wp-json\/wp\/v2\/pages\/738\/revisions\/868"}],"wp:attachment":[{"href":"https:\/\/karlostman.com\/Olle_Wp\/wp-json\/wp\/v2\/media?parent=738"}],"curies":[{"name":"wp","href":"https:\/\/api.w.org\/{rel}","templated":true}]}}