{"id":616,"date":"2025-09-12T17:36:53","date_gmt":"2025-09-12T17:36:53","guid":{"rendered":"https:\/\/karlostman.com\/Olle_Wp\/?page_id=616"},"modified":"2025-09-27T07:27:52","modified_gmt":"2025-09-27T07:27:52","slug":"lankar","status":"publish","type":"page","link":"https:\/\/karlostman.com\/Olle_Wp\/lankar\/","title":{"rendered":"L\u00e4nkar"},"content":{"rendered":"\n<style type=\"text\/css\" data-created_by=\"avia_inline_auto\" id=\"style-css-av-oz27s-adefe9683b349eac8d8d15b18c2e4a83\">\n.avia-section.av-oz27s-adefe9683b349eac8d8d15b18c2e4a83{\nmargin-top:0px;\nmargin-bottom:0px;\n}\n<\/style>\n<div id='av_section_1'  class='avia-section av-oz27s-adefe9683b349eac8d8d15b18c2e4a83 main_color avia-section-no-padding avia-no-border-styling  avia-builder-el-0  avia-builder-el-no-sibling  avia-bg-style-scroll av-minimum-height av-minimum-height-50 av-height-50  container_wrap fullsize'   data-av_minimum_height_pc='50' data-av_min_height_opt='50'><div class='container av-section-cont-open' ><main  role=\"main\" itemprop=\"mainContentOfPage\"  class='template-page content  av-content-full alpha units'><div class='post-entry post-entry-type-page post-entry-616'><div class='entry-content-wrapper clearfix'>\n<div  class='flex_column av-j6ktc-020cd2f2868930991e3f989a448b18a6 av_one_half  avia-builder-el-1  el_before_av_one_half  avia-builder-el-first  first flex_column_div  '     ><section  class='av_textblock_section av-mfh4a74t-b98f04aae302413aa7bdbfda765d3d34 '   itemscope=\"itemscope\" itemtype=\"https:\/\/schema.org\/CreativeWork\" ><div class='avia_textblock'  itemprop=\"text\" ><h2>L\u00e4nkar<\/h2>\n<p>I <a href=\"https:\/\/sundsvallsminnen.se\/manniskor\/forfattare\/karl-ostman-1876-1953\/\" target=\"_blank\" rel=\"noopener\">Sundsvallsminnen <\/a>finns uppgifter om Karl \u00d6stmans arkiv och handlingar.<\/p>\n<p><a href=\"https:\/\/dels.nu\/\" target=\"_blank\" rel=\"noopener\">DELS <\/a>De Litter\u00e4ra S\u00e4llskapens Samarbetsn\u00e4mnd, DELS, samlar de litter\u00e4ra s\u00e4llskapen, fr\u00e4mjar och sprider k\u00e4nnedom om den litter\u00e4ra s\u00e4llskapsr\u00f6relsen samt samordnar arrangemang av gemensamt intresse. Med m\u00e5nga l\u00e4nkar till litter\u00e4ra s\u00e4llskap.<\/p>\n<\/div><\/section><\/div><div  class='flex_column av-gumfs-c19a529ff24fd68ddae24ea03eb03681 av_one_half  avia-builder-el-3  el_after_av_one_half  avia-builder-el-last  flex_column_div  '     ><section  class='av_textblock_section av-78rtk-1893ec52f819e35eb8550ac50ad5a2c4 '   itemscope=\"itemscope\" itemtype=\"https:\/\/schema.org\/CreativeWork\" ><div class='avia_textblock'  itemprop=\"text\" ><p><a href=\"https:\/\/litteraturbanken.se\/f\u00f6rfattare\/\u00d6stmanK\" target=\"_blank\" rel=\"noopener\">P\u00e5 litterturbanken<\/a> kan man hitta texter av Karl\u00a0 \u00d6stman<\/p>\n<p><a href=\"https:\/\/sv.wikipedia.org\/wiki\/Karl_\u00d6stman\" target=\"_blank\" rel=\"noopener\">Om Karl \u00d6stman i Wikipedia<\/a><\/p>\n<\/div><\/section><\/div>\n","protected":false},"excerpt":{"rendered":"","protected":false},"author":4,"featured_media":0,"parent":0,"menu_order":0,"comment_status":"closed","ping_status":"closed","template":"","meta":{"footnotes":""},"class_list":["post-616","page","type-page","status-publish","hentry"],"_links":{"self":[{"href":"https:\/\/karlostman.com\/Olle_Wp\/wp-json\/wp\/v2\/pages\/616","targetHints":{"allow":["GET"]}}],"collection":[{"href":"https:\/\/karlostman.com\/Olle_Wp\/wp-json\/wp\/v2\/pages"}],"about":[{"href":"https:\/\/karlostman.com\/Olle_Wp\/wp-json\/wp\/v2\/types\/page"}],"author":[{"embeddable":true,"href":"https:\/\/karlostman.com\/Olle_Wp\/wp-json\/wp\/v2\/users\/4"}],"replies":[{"embeddable":true,"href":"https:\/\/karlostman.com\/Olle_Wp\/wp-json\/wp\/v2\/comments?post=616"}],"version-history":[{"count":29,"href":"https:\/\/karlostman.com\/Olle_Wp\/wp-json\/wp\/v2\/pages\/616\/revisions"}],"predecessor-version":[{"id":860,"href":"https:\/\/karlostman.com\/Olle_Wp\/wp-json\/wp\/v2\/pages\/616\/revisions\/860"}],"wp:attachment":[{"href":"https:\/\/karlostman.com\/Olle_Wp\/wp-json\/wp\/v2\/media?parent=616"}],"curies":[{"name":"wp","href":"https:\/\/api.w.org\/{rel}","templated":true}]}}