{"id":593,"date":"2025-09-12T07:48:40","date_gmt":"2025-09-12T07:48:40","guid":{"rendered":"https:\/\/karlostman.com\/Olle_Wp\/?page_id=593"},"modified":"2025-09-15T13:51:06","modified_gmt":"2025-09-15T13:51:06","slug":"verksforteckning","status":"publish","type":"page","link":"https:\/\/karlostman.com\/Olle_Wp\/verksforteckning\/","title":{"rendered":"Verksf\u00f6rteckning"},"content":{"rendered":"\n<style type=\"text\/css\" data-created_by=\"avia_inline_auto\" id=\"style-css-av-ku3jl-b4183f10d63f3aed5dee2637232fffdd\">\n.avia-section.av-ku3jl-b4183f10d63f3aed5dee2637232fffdd{\nbackground-color:rgba(237,202,142,0.35);\nbackground-image:unset;\n}\n<\/style>\n<div id='av_section_1'  class='avia-section av-ku3jl-b4183f10d63f3aed5dee2637232fffdd main_color avia-section-default avia-no-border-styling  avia-builder-el-0  avia-builder-el-no-sibling  avia-bg-style-scroll container_wrap fullsize'  ><div class='container av-section-cont-open' ><main  role=\"main\" itemprop=\"mainContentOfPage\"  class='template-page content  av-content-full alpha units'><div class='post-entry post-entry-type-page post-entry-593'><div class='entry-content-wrapper clearfix'>\n<div  class='flex_column av-bskep-efc71823098664681ef2371da71a9b7f av_one_full  avia-builder-el-1  el_before_av_one_half  avia-builder-el-first  first flex_column_div  '     ><section  class='av_textblock_section av-mfgjz39g-7eebb53d53f5a4402cc8bb2212538e09 '   itemscope=\"itemscope\" itemtype=\"https:\/\/schema.org\/CreativeWork\" ><div class='avia_textblock'  itemprop=\"text\" ><h2>Verksf\u00f6rteckning<\/h2>\n<\/div><\/section><\/div><div  class='flex_column av-h5drl-ba6f171f1e852b136e578c5bf0671250 av_one_half  avia-builder-el-3  el_after_av_one_full  el_before_av_one_half  first flex_column_div  column-top-margin'     ><section  class='av_textblock_section av-mfgjaguh-a0ee36a05d2f31bb03aceb6cd5d0df3b '   itemscope=\"itemscope\" itemtype=\"https:\/\/schema.org\/CreativeWork\" ><div class='avia_textblock'  itemprop=\"text\" ><h3>Romaner<\/h3>\n<p>Den breda v\u00e4gen. Roman. 1923<\/p>\n<h3>Novellsamlingar<\/h3>\n<p>Pilgrimer. 1909<\/p>\n<p>En fiol och en kvinna och andra historier. 1912<\/p>\n<p>Hunger, En bok om s\u00e5gverksfolk och annat. 1916<\/p>\n<p>\u201dDe d\u00f6da s\u00e5gverken p\u00e5 Aln\u00f6n\u201d, [artikelserie] Sundsvalls Tidning 1934\u20131935<\/p>\n<p>Stabbl\u00e4ggare och andra noveller. 1976 [Postum samlingsvolym]<\/p>\n<p>I Stenstad, noveller och andra texter av Karl \u00d6stman. Pocket. Nyutg\u00e5va. F\u00f6rfattarnas bokmaskin 2009.<\/p>\n<p>De d\u00f6da s\u00e5gverken p\u00e5 Aln\u00f6n, egen utg\u00e5va 2011<\/p>\n<h3>Artiklar<\/h3>\n<p>Reflektioner (sign. \u201dAtterdag\u201d). Nya Samh\u00e4llet, 1906-05-20<br \/>\nFr\u00e5n bolagsstugor och br\u00e4dg\u00e5rdar. II. Plankb\u00e4rare.(sign. \u201dAtterdag\u201d). Svenska Folket, 1907<br \/>\nStrindbergsstriden bed\u00f6md av en arbetare. Aftontidningen, 1910-08-05<br \/>\nBanditk\u00e4nslor. Nya Samh\u00e4llet, 1918-02-14<br \/>\nDiktaren i s\u00e5gverket, (sign. \u201dAskungen\u201d). Svenska Dagbladets s\u00f6ndagsbilaga, 1929-12-08<br \/>\nFackorganisationen vid Laurents 20 \u00e5r. Nya Samh\u00e4llet, 1937-05-08<br \/>\nKungasagor, del IV. Sundsvalls Tidning, 1939-01-10<br \/>\nLivsrum. Nya samh\u00e4llet, 1940-02-21<br \/>\nFackf\u00f6reningsr\u00f6relsen i Medelpad. Skogsindustriarbetaren, 1941, h 24<br \/>\nSom s\u00e5gverksarbetare p\u00e5 Murmankusten. Glimtar, 1942<br \/>\nFackf\u00f6reningsr\u00f6relsen i Medelpad. Skogindustriarbetaren nr 21, 1941<br \/>\nVintrar f\u00f6rr i tiden. Nya Samh\u00e4llet, 1942-02-06<br \/>\nV\u00e5rt broderland v\u00e4sterut. Sundsvalls Tidning, 1942-06-23<br \/>\nEn stad v\u00e4xer upp. Sundsvalls Tidning, 1942-12-24<br \/>\nEtt s\u00e5gverk ber\u00e4ttar. Skogsindustriarbetaren, nr 15\/16 1947<\/p>\n<h3>Odaterade artiklar<\/h3>\n<p>\u201dVid Sel\u00e5ngers\u00e5ns minnesrika vatten\u201d, Sundsvalls Tidning 1940-tal<br \/>\n\u201dI landet mellan \u00e4lvarna\u201d, artikel i Sundsvalls Tidning 1941<\/p>\n<\/div><\/section><\/div><div  class='flex_column av-nqmh-7949f9eed51f74ed9bd45893d866ee4f av_one_half  avia-builder-el-5  el_after_av_one_half  avia-builder-el-last  flex_column_div  column-top-margin'     ><section  class='av_textblock_section av-130s1-028fb82522e6691d10e62cd1c1e54f4f '   itemscope=\"itemscope\" itemtype=\"https:\/\/schema.org\/CreativeWork\" ><div class='avia_textblock'  itemprop=\"text\" ><h3>Noveller<\/h3>\n<p>V\u00e5r p\u00e5 s\u00e5gverket. Svenska Folket, 1906<br \/>\nMellan fantasi och verklighet. Nya Samh\u00e4llet, 1906-04-26<br \/>\nMin v\u00e4ns bref. Publicerad? 1908<br \/>\nSk\u00f6rd. Nya Samh\u00e4llet, 1908-11-14<br \/>\nSom ett dammkorn. Aftontidningen, 1910<br \/>\nS\u00e5gsp\u00e5nskonst. Minareten, 1915<br \/>\nFastlagskortet. Transportarbetaren, nr 3 1918<br \/>\nVargavinter. Publicerad? 1919<br \/>\nDet ordnar sig alltid. Medelpadskuriren, 1922-03-02<br \/>\nDen gamle kolaren. Medelpadskuriren 1922-10-19<br \/>\nS\u00e5gverken \u2013 Grottekvarnarna. 1923. Publicerad?<br \/>\nFlyttande f\u00e5glar. Sundsvalls Tidning, 1924<br \/>\nNovembermorgon. Clart\u00e9, 1924<br \/>\nDr\u00f6mmen om Himmelriket. Nya Samh\u00e4llet, 1924-03-27<br \/>\nD\u00e4rute ligger havet. L\u00f6rdagskv\u00e4llen, 1927-02-12<br \/>\nEn underlig man. L\u00f6rdagskv\u00e4llen nr 44, bilaga till Folkets Dagblad Politiken, 1944<br \/>\nEtt folk i sv\u00e4lt. Social-demokraten 1928-03-04<br \/>\nEtt folk i sv\u00e4lt. Nya Samh\u00e4llet 1928-03-17<br \/>\nBara n\u00e5gra fattiga m\u00e4n. Socialdemokraten, 1928-05-20<br \/>\nArbetaren i skogen. Konsumentbladet, 1928-06-02<br \/>\nJul i skogen. Bevingad jul. 1930<br \/>\nS\u00e5gen brinner. Starkotter1932-07-02&#8211;03<br \/>\nS\u00e5gen brinner. Sundsvalls Tidning, 1934-07-28<br \/>\nLassar-Larsson, Nya Samh\u00e4llet, 1935-09-07<br \/>\nSigurd Klockare. Skogsindustriarbetaren, nr 7 1944<br \/>\nEn kv\u00e4ll i br\u00e4dg\u00e5rden. S\u00e5ningsmannen, 1951-10-13<\/p>\n<h3>Odaterade noveller<\/h3>\n<p>Ambrosius. Publicerad i L\u00f6rdagskv\u00e4llen<br \/>\nEn fredspredikan. Publicerad i Nya Samh\u00e4llet<br \/>\nHemkomst. En historia fr\u00e5n den gamla goda tiden. Publicerad?<br \/>\nHets. Blad ur ett s\u00e5gverks historia. Publicerad i Nya Samh\u00e4llet.<br \/>\nJohannes Janssons papper. Publicerad i Stormklockan.<br \/>\nN\u00e4r mobiliseringsordern kom. Publicerad?<br \/>\nSkalden \u00c4delblohm. Publicerad i Frihets julnummer<br \/>\nSn\u00f6. Publicerad?<\/p>\n<\/div><\/section><\/div>\n\n","protected":false},"excerpt":{"rendered":"","protected":false},"author":1,"featured_media":0,"parent":0,"menu_order":0,"comment_status":"closed","ping_status":"closed","template":"","meta":{"footnotes":""},"class_list":["post-593","page","type-page","status-publish","hentry"],"_links":{"self":[{"href":"https:\/\/karlostman.com\/Olle_Wp\/wp-json\/wp\/v2\/pages\/593","targetHints":{"allow":["GET"]}}],"collection":[{"href":"https:\/\/karlostman.com\/Olle_Wp\/wp-json\/wp\/v2\/pages"}],"about":[{"href":"https:\/\/karlostman.com\/Olle_Wp\/wp-json\/wp\/v2\/types\/page"}],"author":[{"embeddable":true,"href":"https:\/\/karlostman.com\/Olle_Wp\/wp-json\/wp\/v2\/users\/1"}],"replies":[{"embeddable":true,"href":"https:\/\/karlostman.com\/Olle_Wp\/wp-json\/wp\/v2\/comments?post=593"}],"version-history":[{"count":12,"href":"https:\/\/karlostman.com\/Olle_Wp\/wp-json\/wp\/v2\/pages\/593\/revisions"}],"predecessor-version":[{"id":784,"href":"https:\/\/karlostman.com\/Olle_Wp\/wp-json\/wp\/v2\/pages\/593\/revisions\/784"}],"wp:attachment":[{"href":"https:\/\/karlostman.com\/Olle_Wp\/wp-json\/wp\/v2\/media?parent=593"}],"curies":[{"name":"wp","href":"https:\/\/api.w.org\/{rel}","templated":true}]}}