{"id":469,"date":"2025-09-08T10:38:52","date_gmt":"2025-09-08T10:38:52","guid":{"rendered":"https:\/\/karlostman.com\/Olle_Wp\/?page_id=469"},"modified":"2025-09-17T18:53:30","modified_gmt":"2025-09-17T18:53:30","slug":"om-stabblaggare","status":"publish","type":"page","link":"https:\/\/karlostman.com\/Olle_Wp\/om-stabblaggare\/","title":{"rendered":"Om boken Stabbl\u00e4ggare"},"content":{"rendered":"\n<style type=\"text\/css\" data-created_by=\"avia_inline_auto\" id=\"style-css-av-lntmy-2d2b0b8ed00ec1803156b70a3a9e638a\">\n.avia-section.av-lntmy-2d2b0b8ed00ec1803156b70a3a9e638a{\nbackground-color:rgba(237,202,142,0.35);\nbackground-image:unset;\n}\n<\/style>\n<div id='av_section_1'  class='avia-section av-lntmy-2d2b0b8ed00ec1803156b70a3a9e638a main_color avia-section-default avia-no-border-styling  avia-builder-el-0  avia-builder-el-no-sibling  avia-bg-style-scroll container_wrap fullsize'  ><div class='container av-section-cont-open' ><main  role=\"main\" itemprop=\"mainContentOfPage\"  class='template-page content  av-content-full alpha units'><div class='post-entry post-entry-type-page post-entry-469'><div class='entry-content-wrapper clearfix'>\n<div  class='flex_column av-dffvu-1de4e5ce2920a80ee0b305d95eb2aaa7 av_one_half  avia-builder-el-1  el_before_av_one_half  avia-builder-el-first  first flex_column_div  '     ><section  class='av_textblock_section av-mfas1lim-0f54fb59a7c480cf9bc4b407415f7a88 '   itemscope=\"itemscope\" itemtype=\"https:\/\/schema.org\/CreativeWork\" ><div class='avia_textblock'  itemprop=\"text\" ><h3>Om Karl \u00d6stman och utgivningen av &#8220;Stabbl\u00e4ggare&#8221; 1976. F\u00f6redrag av Nils G\u00e4rdeg\u00e5rd 2003-10-19<\/h3>\n<p>Manus till Nils G\u00e4rdeg\u00e5rds anf\u00f6rande p\u00e5 Sundsvalls Museum 2003-10-19 som handlade om Karl \u00d6stman och utgivningen av Stabbl\u00e4ggare 1976.<\/p>\n<p><strong>Starten<\/strong><br \/>\nDet var Olle Burlin som tog upp fr\u00e5gan p\u00e5 ett FiB-m\u00f6te. Han k\u00e4nde n\u00e5gon, vars nu avlidna sl\u00e4kting varit f\u00f6rfattare. Det borde v\u00e4l vara n\u00e5got f\u00f6r FiB-gruppen i Sundsvall, tyckte Olle Burlin, d\u00e4r p\u00e5 FiB-m\u00f6tet \u00e5r 1975.<\/p>\n<p><strong>En Fib-grupp<\/strong><br \/>\nEn FiB-grupp var en lokalgrupp inom f\u00f6reningen Folket i Bild Kulturfront. En f\u00f6rening som fr\u00e5n 1972 gav ut en tidning med samma namn. Lokalgruppen syfte var att s\u00e4lja tidningen och p\u00e5 sin ort arbeta f\u00f6r tidningens id\u00e9er och plattform.<\/p>\n<p>I Sundsvall var vi aktiva. Vi hade arbetat f\u00f6r att magasinen nere vid hamnen skulle r\u00e4ddas, vi hade gett ut vykort f\u00f6r att vara med och r\u00e4dda stadsdelen S\u00f6dermalm, vi hade haft en utst\u00e4llning som uppm\u00e4rksammade de hot som vi uppfattade mot en del grundlagsskyddade fri- och r\u00e4ttigheter. Vi arrangerade m\u00f6ten och sammankomster \u2013 helt i linje med Folket i Bild\/Kulturfronts paroller F\u00f6rsvar f\u00f6r yttrande- och tryckfriheten, antiimperialism och f\u00f6r en folkets kultur.<\/p>\n<p>Tidningen hade startats av kulturradikaler, eftersom den f\u00f6reg\u00e5ngaren Folket i Bild, s\u00e5lts till Bonnier och blivit \u201dherrtidning\u201d \u2013 eller p\u00e5 vanlig svenska \u2013 porrblaska. F\u00f6reningen var en del av och efterf\u00f6ljare till Vietnamr\u00f6relsen och den kulturfront som v\u00e4xte fram. F\u00f6rlaget Ordfront och Fria Proteatern var andra delar i r\u00f6relsen. &#8211; N\u00e4sta \u00e5r \u00e4r det 100-\u00e5rsminnet av Karl \u00d6stmans f\u00f6delse, fortsatte Olle Burlin p\u00e5 m\u00f6tet. FiB kanske kan g\u00f6ra n\u00e5got? Jag kan f\u00f6rmedla kontakterna med familjen.<\/p>\n<p><strong>Arbetet med Stabbl\u00e4ggare<\/strong><br \/>\nSka jag vara \u00e4rlig s\u00e5 kommer jag inte ih\u00e5g s\u00e5 mycket av den f\u00f6ljande tidsperioden. Men jag minns det h\u00f6gtidliga i att m\u00f6ta Karl \u00d6stmans \u00e4nka och dotter. Jag vill minnas d\u00e5 78 och 95 \u00e5r. Jag hade ju b\u00f6rjat l\u00e4sa texter av Karl \u00d6stman och att d\u00e5 som 23-24-\u00e5ring inse att dessa personer jag nu sitter och pratar med uppe i det lite \u00e5lderdomliga huset p\u00e5 S\u00f6dermalmsgatan \u2013 de var med. De hade varit med i det som beskrevs i novellerna. Det var omtumlande och jag blev entusiastisk. Vilken grej!<\/p>\n<p>N\u00e4r v\u00e4l kontakten var etablerad s\u00e5 b\u00f6rjade breven fr\u00e5n dottersonen G\u00f6ran Wredenberg komma, med tankarna och resonemangen kring morfar och hans litter\u00e4ra g\u00e4rning. N\u00e4r det var dags f\u00f6r utst\u00e4llning i H\u00e4rn\u00f6sand s\u00e5 klargjorde inledningstalare i V\u00e4sternorrlands litter\u00e4ra s\u00e4llskap policyn: &#8211; Vi har som regel att uppm\u00e4rksamma v\u00e5ra f\u00f6rfattare p\u00e5 100-\u00e5rsminnet av deras f\u00f6delse, sa han. Jag minns jag tyckte det var en konstig policy. Karl \u00d6stman hade ju d\u00e5 varit d\u00f6d i 23 \u00e5r. vore det inte b\u00e4ttre att agera lite snabbare och tidigare?<\/p>\n<p><strong>Bortgl\u00f6md <\/strong><br \/>\nKarl \u00d6stman hade varit uppm\u00e4rksammad tidigare i FiB\/Kulturfront. Vi hade en serie som hette V\u00e5ra F\u00f6rfattare d\u00e4r f\u00f6rst svenska, sedan internationella folkliga ber\u00e4ttare presenterades. Innan den artikeln, l\u00e4r inte Karl \u00d6stman ha uppm\u00e4rksammats positivt medialt p\u00e5 tolv \u00e5r. Det \u00e4r ingen \u00f6verdrift att s\u00e4ga att han var p\u00e5 v\u00e4g ut till den stora gl\u00f6mskan.OK det stod om honom i Litteraturhandboken och b\u00f6cker om Sundsvall \u2013 men jag tycker det som stod, snarare bidrog till att minska intresset \u00e4n att \u00f6ka det. Jag hade blivit fascinerad av Karl \u00d6stmans ber\u00e4ttelser och noveller. De var s\u00e5 konkreta och levande, med m\u00e4nniskor och episoder, kring den f\u00f6r mig s\u00e5 ok\u00e4nda men uppm\u00e4rksammade s\u00e5gverksepoken. Det var ok\u00e4nt, trots att jag var norrlandsgrabb &#8211; som v\u00e4xt upp i mellannorrland \u2013 i pappers och s\u00e5gverksdistriktet. Jag fick nu bilder och en m\u00f6jlighet att lite f\u00f6rst\u00e5 \u2013 jag blev inspirerad och lockad att unders\u00f6ka och uppt\u00e4cka mer. Omd\u00f6mena om honom som jag l\u00e4ste mig till var dock helt andra \u00e4n min egen upplevelse n\u00e4r jag l\u00e4ste hans exter.<\/p>\n<p>I Litteraturhandboken stod om Karl \u00d6stman: Norrl\u00e4ndsk skogshuggar- och s\u00e5gverksmilj\u00f6, skildrad med en blandning av naturalism och reminiscenser av vildmarksromantik. Indignation \u00f6ver sociala or\u00e4ttvisor. I \u00c5ke Hanaeus bok om Sundsvall, Sundsvall \u2013 stad i v\u00e4rlden, citerade han en annan redakt\u00f6r, Aje Morelius, som skrivit om \u00d6stman. Citatet avslutas: De dystra verklighetsbilderna fr\u00e5n s\u00e5gverksarbetarnas v\u00e4rld \u00e4r Karl \u00d6stmans styrka. Karl \u00d6stman gick ganska ensam och vresig genom livet. Han var inte den man som g\u00e4rna sl\u00e4ppte n\u00e5gon in p\u00e5 livet. En g\u00e5ng fick han en v\u00e4lkommen avkoppling. Det var en sj\u00f6resa genom Medelhavet. Men den avsatte, s\u00e5 vitt jag kan minnas, inga direkta sp\u00e5r i hans diktning, men d\u00e4remot hj\u00e4lpte den v\u00e4l till att vidga hans syn p\u00e5 omv\u00e4rlden. Men hans romanfigurer fanns i hans egen fantasi, redan skapade, och n\u00e5gra andra m\u00e4nniskor sl\u00e4ppte han inte in i sin fantasiv\u00e4rld. Reslig, tystl\u00e5ten med en yvig gr\u00e5 man det var den Karl \u00d6stman man m\u00f6tte p\u00e5 stadens gator \u2013 en ensam vandrare genom livet.<\/p>\n<p><strong>FiB h\u00e4ftig <\/strong><br \/>\nFiB var en h\u00e4ftig r\u00f6relse. F\u00f6r d\u00e4r hade m\u00e5nga m\u00e4nniskor samlats, med olika kunskap och erfarenheter och med ganska olika utg\u00e5ngspunkter. N\u00e4r FiB-gruppen kontaktade personer inom r\u00f6relsen, m\u00f6ttes Karl \u00d6stman med en helt annan respekt. Nestorn bland svenska arbetarf\u00f6rfattare Ivar Lo Johansson skickade v\u00e4nliga uppmuntrande brev. Den store auktoriteten inom omr\u00e5det litteraturvetaren professor Lars Furuland i Uppsala st\u00f6ttade kraftfullt tanken p\u00e5 att Karl \u00d6stman borde lyftas fram ur gl\u00f6mskan och s\u00e5 vidare. Planerna p\u00e5 en nyutg\u00e5va b\u00f6rjade ta form. Vi r\u00e5dgjorde med personer inom r\u00f6relsen som arbetade p\u00e5 f\u00f6rlag och andra auktoriteter. Alla sa att vi sj\u00e4lva skulle redigera en nyutg\u00e5va. Genom att f\u00f6rfattaren Lars-\u00c5ke Augustsson, d\u00e5 bodde i Sundsvall och bland annat skrivit om och engagerat sig f\u00f6r en annan Sundsvallsf\u00f6rfattare Lars Ahlin, s\u00e5 kunde jag acceptera tanken att vi skulle klara denna f\u00f6r oss s\u00e5 stora uppgift. Lars Furuland ans\u00e5g sig inte ha tid att skriva en efterskrift:<\/p>\n<p>&#8211; Det \u00e4r din tur nu Nisse, sa Lars-\u00c5ke Augustsson. Och som vanligt var jag l\u00e4tt\u00f6vertalad och begrep inte vad jag gav mig in p\u00e5. Ins\u00e4ndare, brev och protokoll hade jag skrivit mycket av tidigare, men aldrig en offentlig text som en efterskrift. Back up och support lovades av Barbro Bj\u00f6rk p\u00e5 Sundsvalls museum, Jan Stolpe, Lars Furuland, Lars-\u00c5ke Augustsson, f\u00f6rutom G\u00f6ran Wredenberg f\u00f6rst\u00e5s. De var inte s\u00e5 imponerade av mina f\u00f6rsta utkast, kan jag ber\u00e4tta. De tyckte nog jag fuskat mig fram. Men efter diskussioner, telefonsamtal och ett otal versioner som jag klippte s\u00f6nder och sorterade p\u00e5 s\u00e4ngen &#8211; f\u00f6r att f\u00e5 b\u00e4ttre flyt och uppbyggnad av texten, s\u00e5 kom efterskriften fram. Min lilla dotter Karin b\u00f6rjade ocks\u00e5 prata med mig om \u201dTal \u00d6stman\u201d \u2013 d\u00e5 hon insett att det var nog enda m\u00f6jligheten att f\u00e5 kontakt med sin far.<\/p>\n<p><strong>Lokala f\u00f6rm\u00e5gor<\/strong><br \/>\nBoken v\u00e4xte fram. Vi anv\u00e4nde medvetet lokala f\u00f6rm\u00e5gor. F\u00f6rsta omslagsf\u00f6rslaget blev inte bra. Vi m\u00e5ste s\u00e4ga nej. Arkitekten Torbj\u00f6rn Lindgren fick g\u00f6ra det. Och Marianne Degerman gjorde ett portr\u00e4tt, utifr\u00e5n gamla foton, och fick det efter lite diskussioner godk\u00e4nt av \u00e4nkan Hilda \u00d6stman, och dottern Rut Wredenberg. Helt fantastiskt tyckte jag d\u00e5, och g\u00f6r fortfarande. De hade ju \u00e4nd\u00e5 b\u00e5da levt i 50 \u00e5r med honom. N\u00e4r b\u00f6ckerna v\u00e4l var tryckta, s\u00e5 stuvades de in i det lilla g\u00e5rdshuset p\u00e5 Granv\u00e4gen 7, d\u00e4r Alf Norell bodde.<\/p>\n<p><strong>Uppm\u00e4rksammad <\/strong><br \/>\nV\u00e5r nyutg\u00e5va blev mycket uppm\u00e4rksammad. Att vi gjorde allt lokalt var en viktig ingrediens.Det var ju s\u00e5nt h\u00e4r grundarna av r\u00f6relsen Folket i Bild\/Kulturfront hoppats skulle ske. Sedan passade Karl \u00d6stman s\u00e5 v\u00e4l in i bilden. En bortgl\u00f6md f\u00f6rfattare, som skrivit mustigt och bra om viktiga fr\u00e5gor \u2013 med ett underifr\u00e5nperspektiv, som man skulle s\u00e4ga idag. En nutida PR-byr\u00e5 skulle inte kunnat sk\u00f6tt det b\u00e4ttre \u2013 artiklar i DN, fackf\u00f6rbundspressen och m\u00e4ngder av recensioner i lokalpress.<\/p>\n<p>Utg\u00e5van omtalades i Hylands h\u00f6rna och Vetandets v\u00e4rld. Sj\u00e4lv var jag runt om i landet p\u00e5 ett 20-tal m\u00f6ten fr\u00e5n \u2013 till och ber\u00e4ttade. Intervjuades av radiolegenden Ingemar Stark i hans Gomorron program. Men ibland blev jag skr\u00e4ckslagen, som n\u00e4r jag s\u00e5g annonsen i SIA \u2013 Skogsindustriarbetaren. Herregud, den blev ju alldeles f\u00f6r stor. De m\u00e5ste ha missuppfattat oss, annonsen kommer att ruinera oss ju.<br \/>\n<em>( Forts\u00e4tt att l\u00e4sa i n\u00e4sta spalt. )<\/em><\/p>\n<\/div><\/section><\/div><div  class='flex_column av-741xe-12192b279d873c192909da39edbb26e6 av_one_half  avia-builder-el-3  el_after_av_one_half  avia-builder-el-last  flex_column_div  '     ><p>\n<style type=\"text\/css\" data-created_by=\"avia_inline_auto\" id=\"style-css-av-mfarny56-c2a5d155cd99c4ba65df4751fe0cc762\">\n.avia-image-container.av-mfarny56-c2a5d155cd99c4ba65df4751fe0cc762 img.avia_image{\nbox-shadow:none;\n}\n.avia-image-container.av-mfarny56-c2a5d155cd99c4ba65df4751fe0cc762 .av-caption-image-overlay-bg{\nopacity:0.4;\nbackground-color:#000000;\n}\n.avia-image-container.av-mfarny56-c2a5d155cd99c4ba65df4751fe0cc762 .av-image-caption-overlay-center{\ncolor:#ffffff;\n}\n<\/style>\n<div  class='avia-image-container av-mfarny56-c2a5d155cd99c4ba65df4751fe0cc762 av-styling- avia-align-center  avia-builder-el-4  el_before_av_textblock  avia-builder-el-first  noHover av-overlay-hover-deactivate'   itemprop=\"image\" itemscope=\"itemscope\" itemtype=\"https:\/\/schema.org\/ImageObject\" ><div class=\"avia-image-container-inner\"><div class=\"avia-image-overlay-wrap\"><div class=\"av-image-caption-overlay\"><div class=\"av-caption-image-overlay-bg\"><\/div><div class=\"av-image-caption-overlay-position\"><div class=\"av-image-caption-overlay-center\"><p>\u00a0\u00a0\u00a0\u00a0\u00a0\u00a0\u00a0\u00a0Nils G\u00e4rdeg\u00e5rd. ( 1953-2014)  Foto: Facebook<\/p>\n<\/div><\/div><\/div><img decoding=\"async\" fetchpriority=\"high\" class='wp-image-437 avia-img-lazy-loading-not-437 avia_image ' src=\"https:\/\/karlostman.com\/Olle_Wp\/wp-content\/uploads\/2025\/09\/NldsGardegard2.jpg\" alt='' title='NldsGardegard2'  height=\"552\" width=\"900\"  itemprop=\"thumbnailUrl\" srcset=\"https:\/\/karlostman.com\/Olle_Wp\/wp-content\/uploads\/2025\/09\/NldsGardegard2.jpg 900w, https:\/\/karlostman.com\/Olle_Wp\/wp-content\/uploads\/2025\/09\/NldsGardegard2-300x184.jpg 300w, https:\/\/karlostman.com\/Olle_Wp\/wp-content\/uploads\/2025\/09\/NldsGardegard2-768x471.jpg 768w, https:\/\/karlostman.com\/Olle_Wp\/wp-content\/uploads\/2025\/09\/NldsGardegard2-705x432.jpg 705w\" sizes=\"(max-width: 900px) 100vw, 900px\" \/><\/div><\/div><\/div><br \/>\n<section  class='av_textblock_section av-mfb09lty-8dd90163f921a3fbca369d793aab6298 '   itemscope=\"itemscope\" itemtype=\"https:\/\/schema.org\/CreativeWork\" ><div class='avia_textblock'  itemprop=\"text\" ><p>&#8220;Vi tyckte det var s\u00e5 bra med er utg\u00e5va, s\u00e5 vi bl\u00e5ste upp den lite&#8221;, var f\u00f6rklaringen n\u00e4r jag till sist tog mod till mig och ringde SIA f\u00f6r att f\u00f6rs\u00f6ka f\u00f6rhandla i fr\u00e5gan. Boken s\u00e5ldes i 7000 exemplar och f\u00f6rlaget Ordfront f\u00f6ljde upp den med en nyutg\u00e5va av Karl \u00d6stmans enda roman Den breda v\u00e4gen, som dock inte fick samma uppm\u00e4rksamhet och spridning.<\/p>\n<p><strong>Linjestrider <\/strong><br \/>\n1970-talet var ju en tid av diskussion och \u201dlinjestrider\u201d mellan olika r\u00f6relser och intressen.Inom FiB\/Kulturfront var kan man s\u00e4ga hela utg\u00e5ngspunkten att vara p\u00e5 tv\u00e4rs. Uppbackad av auktoriteter inom omr\u00e5det och den tidsandan s\u00e5 var hela utg\u00e5van och \u00e4ven efterskriften ganska kaxig. Ingen har pekat p\u00e5 n\u00e5got sakfel i min efterskrift. Den h\u00f6ll uppenbart och detta kom f\u00f6r mig att bli en avg\u00f6rande erfarenhet f\u00f6r fortsatt skrivande. D\u00e4remot vill jag ber\u00e4tta om tv\u00e5 reaktioner som jag tycker \u00e4r l\u00e4rorika. S\u00e5 h\u00e4r avslutade \u00c5ka Hanaeus en presentation av den utst\u00e4llning som producerades inf\u00f6r minnet av Karl \u00d6stmans f\u00f6delse:\u201d\u2026. Utst\u00e4llningen om Karl \u00d6stman \u00e4r v\u00e4lmotiverad\u2026. Men \u00e4nnu fattas en vederh\u00e4ftig och v\u00e4l dokumenterad analys av hans f\u00f6rfattarskap, som inte enbart bara hade de egenskaper som Nils G\u00e4rdeg\u00e5rd fastnar f\u00f6r i sin efterskrift till boken Stabbl\u00e4ggare \u2013 en efterskrift som i sin en\u00f6gdhet drar ner hela bokens v\u00e4rde.\u201d ST 25\/1 1977. I den fortsatta diskussionen framh\u00f6ll Hanaeus bland annat vikten av analys av f\u00f6rfattarskapet med hj\u00e4lp av vetenskapliga metoder :\u201d\u2026 Sj\u00e4lvfallet b\u00f6r s\u00e5dana unders\u00f6kningar g\u00f6ras av skolat folk, med ing\u00e5ende kunskaper om litteraturvetenskapens metoder.\u201d Samtidigt som Stabbl\u00e4ggare gavs ut publicerade tidskriften Ord &#038; Bild ett nummer om prolet\u00e4rlitteratur. En uppsats handlade om Karl \u00d6stman, hans \u201dindividualism\u201d och \u201dsvek\u201d mot den egna klassen. Det blev givetvis diskussion med de litteraturstuderande fr\u00e5n Ume\u00e5 som skrivit uppsatsen. De skrev bland annat: \u201d\u2026 F\u00f6r G\u00e4rdeg\u00e5rd g\u00e4ller det att hitta en helgjuten arbetare och f\u00f6rfattare att l\u00e4sa till uppbyggelse och f\u00f6r att st\u00e4rka kampmoralen.\u201d<\/p>\n<p><strong>Vad handlade det h\u00e4r om? <\/strong><br \/>\nJo, n\u00e4r vi best\u00e4mde oss f\u00f6r att ge ut Karl \u00d6stman s\u00e5 valde vi att lyfta fram de sidor d\u00e4r vi tyckte han var som b\u00e4st \u2013 allts\u00e5 skildringarna fr\u00e5n s\u00e5gverken i Sundsvallsomr\u00e5det. Vi samlade allts\u00e5 de b\u00e4sta novellerna, f\u00f6r p\u00e5 Sundsvalls stadsbibliotek fanns vid denna tid en bok av honom. Och i efterskriften tog jag upp att beskrivningarna av Karl \u00d6stman i olika b\u00f6cker var s\u00e5dan att han allt mer gl\u00f6mdes, och hans texter fanns ej tillg\u00e4ngliga. I Sundsvall \u2013 en stad i v\u00e4rlden s\u00e5 gavs en bild av Karl \u00d6stman, som utgick fr\u00e5n den \u00e5ldrande mannen \u2013 40 \u00e5r efter det att han skrivit sina b\u00e4sta noveller. Litteraturvetarna fr\u00e5n Ume\u00e5 \u2013 eller \u00e4delmarxisterna som Jan Myrdal kom att kalla dem \u2013 analyserade Karl \u00d6stmans f\u00f6rfattarskap p\u00e5 ett s\u00e4tt, s\u00e5 inte tusan blev i alla fall jag intresserad av att l\u00e4sa honom. B\u00e5da dessa kritiker polemiserade \u00f6ver att vi inte gav en helt\u00e4ckande bild av Karl \u00d6stmans f\u00f6rfattarskap. Varf\u00f6r det, undrar jag fortfarande \u2013 grejen m\u00e5 ju vara att hans texter finns tillg\u00e4ngliga, s\u00e5 den som \u00e4r intresserad kan l\u00e4sa. Och n\u00e4r texter ska publiceras, s\u00e5 v\u00e4ljer man v\u00e4l de som \u00e4r unika och som kan fungera p\u00e5 dagens publik?<\/p>\n<p><strong>Vi bidrog <\/strong><br \/>\nJag menar fortfarande att v\u00e5r utg\u00e5va bidrog till att Karl \u00d6stman inte gl\u00f6mdes bort. Att hans texter kan l\u00e4sas idag och till den fantastiska utveckling vi nu ser med Karl \u00d6stman-s\u00e4llskapet och Sundsvallsminnens satsning p\u00e5 att g\u00f6ra materialet tillg\u00e4ngligt.<\/p>\n<p><strong>Arbetssam r\u00f6relse <\/strong><br \/>\nMEN FiB\/Kulturfront var en arbetssam r\u00f6relse. D\u00e4r trummades st\u00e4ndigt in \u2013 Du har ett ansvar f\u00f6r det du g\u00f6r. Detta \u00e4r n\u00e5got som sedan, p\u00e5 gott och ont, f\u00f6ljt mig de fortsatta \u00e5ren. Vi ser ju till exempel hur bilden av Karl \u00d6stman f\u00f6r\u00e4ndrades efter v\u00e5r nyutg\u00e5va 1976. Det \u00e4r allts\u00e5 viktigt vad man g\u00f6r, men ocks\u00e5 minst lika viktigt hur man g\u00f6r det. Du har ett ansvar. Det \u00e4r viktigt vad du g\u00f6r eller inte g\u00f6r. Detta allvarsamma har f\u00f6r mig b\u00e5de blivit min styrka och min svaghet. Or\u00e4ttvisorna i v\u00e4rlden \u00e4r ju till synes o\u00e4ndliga. Samtidigt som dina m\u00f6jligheter att agera ocks\u00e5 \u00e4r o\u00e4ndliga. Har man l\u00e4rt sig att det fungerar att f\u00f6r\u00e4ndra, trots den enskilda m\u00e4nniskans litenhet, s\u00e5 kan det ju bli ett st\u00e4ndigt d\u00e5ligt samvete. S\u00e5 d\u00e4rf\u00f6r kan jag inte h\u00e4r idag avsluta min ber\u00e4ttelse om mitt m\u00f6te med Karl \u00d6stmans f\u00f6rfattarskap p\u00e5 annat s\u00e4tt \u00e4n att se uppgifterna idag \u2013 f\u00f6r oss \u2013 h\u00e4r. F\u00f6r att vi ska bidra p\u00e5 v\u00e5rt s\u00e4tt och efter v\u00e5ra m\u00f6jligheter och f\u00f6rm\u00e5ga, till en b\u00e4ttre framtid. Den inst\u00e4llning jag m\u00f6ttes av n\u00e4r jag skrivit min efterskrift gjorde att jag blev en skrivandem\u00e4nniska fylld av tro p\u00e5 m\u00e4nniskors kraft att f\u00f6r\u00e4ndra och f\u00f6rb\u00e4ttra sin tillvaro. Hur agerar vi f\u00f6r detta idag?<\/p>\n<p><strong>Hur agerar vi idag? <\/strong><br \/>\nVi har en Berivan Muhammed i Sundsvall idag \u2013 som utifr\u00e5n sin historia av att vara en kurdisk tjej fr\u00e5n Granloholm genom f\u00f6redrag och utst\u00e4llningen \u00c5terresan ber\u00e4ttat lite om sin verklighet och sina erfarenheter \u2013 fr\u00e5n den plats d\u00e4r det var t\u00e4nkt att hon skulle v\u00e4xa upp. Hur f\u00e5r vi dessa ungdomar f\u00e5ngad en f\u00f6rsommardag p\u00e5 Storgatan 2002 att berika v\u00e5ra liv med sina ber\u00e4ttelser? Vi ser ju alla att de har mycket sp\u00e4nnande att ber\u00e4tta!<\/p>\n<p><strong>P\u00e5 Sk\u00f6nsberg <\/strong><br \/>\nP\u00e5 Sk\u00f6nsbergs skola var jag f\u00f6r fjorton dagar sedan. Jag pratade med elevr\u00e5det och deras skyddsombud om fr\u00e5gor som var angel\u00e4gna f\u00f6r dem \u2013 och p\u00e5 deras villkor. Jag passade p\u00e5 att fr\u00e5ga dem om vem Karl \u00d6stman var. Detta \u00e4r svaren.<\/p>\n<p><strong>Ber\u00f6vats min lokalhistoria <\/strong><br \/>\nJag tyckte n\u00e4r vi gav ut Karl \u00d6stmans noveller 1976 att jag ber\u00f6vats min egen lokalhistoria, n\u00e4r jag ej f\u00e5tt ta del av Karl \u00d6stman och andra mellannorrl\u00e4ndska f\u00f6rfattares texter fr\u00e5n f\u00f6rr och nu i skolarbetet. Jag tycker fortfarande detta m\u00e5 vara en huvuduppgift f\u00f6r kulturarbetare av alla modeller \u00e4n idag. Det \u00e4r klart ungdomar \u00e4r identitetsl\u00f6sa, vill l\u00e4mna stan och kan k\u00e4nna sig obeh\u00f6vda, n\u00e4r de inte f\u00e5r hj\u00e4lp att finna identiteten p\u00e5 sin hemort? Vi tjusas av Silicon Valley, men Sundsvall var ju s\u00e5gverksindustrins Silicon Valley, d\u00e4r b\u00e5de sp\u00e4nnande personer och f\u00f6rfattarskap, kamp f\u00f6r demokrati, tankefrihet och entrepren\u00f6rsskap skulle kunna vara inspirationsk\u00e4llor idag. Karl \u00d6stmans erfarenheter kan b\u00e5de inspirera och hj\u00e4lpa till att f\u00f6rklara. Jag \u00e4r \u00f6vertygad att ungdomar som ges chansen och f\u00e5r f\u00f6ruts\u00e4ttningar blir lika engagerade som mig.<\/p>\n<p><strong>Vill du bli v\u00e5r tids Karl \u00d6stman? <\/strong><br \/>\nTill sist: Karl \u00d6stman skrev om s\u00e5gverken och slitet d\u00e4r. Tack f\u00f6r dessa ber\u00e4ttelser och skildringar. Tack Olle Burlin f\u00f6r id\u00e9n. Tack G\u00f6ran Wredenberg som f\u00f6rst\u00e5tt att v\u00e5rda denna skatt. Tack museet och alla andra som bist\u00e5tt med att lyfta fram detta viktiga f\u00f6rfattarskap.Men \u00e4n en g\u00e5ng \u2013 vilka kan hj\u00e4lpa oss idag? Hj\u00e4lpa oss f\u00f6rst\u00e5 dagens fr\u00e5gor. Sj\u00e4lv b\u00e4r jag med mig Karl \u00d6stmans f\u00f6rfattarskap p\u00e5 det viset att jag \u2013 i mina uppdrag idag \u2013 f\u00f6rs\u00f6ker motivera och lyfta fram f\u00f6rh\u00e5llanden som jag anser v\u00e4rda att skildras; f\u00f6r att f\u00e5 till st\u00e5nd en b\u00e4ttre ordning. En av dem jag f\u00f6rs\u00f6kt motivera \u00e4r Margareta Pettersson: &#8211; Margareta, kan inte du skriva dagbok om vad du ser och upplever fr\u00e5n din utsiktspunkt i kassan p\u00e5 Hemk\u00f6p d\u00e4rborta. Med lite st\u00f6d och uppmuntran kan hon nog komma loss. Vill du bli v\u00e5r tids Karl \u00d6stman?<\/p>\n<p><em>Nils G\u00e4rdeg\u00e5rd<\/em><\/p>\n<\/div><\/section><\/p><\/div>\n","protected":false},"excerpt":{"rendered":"","protected":false},"author":1,"featured_media":0,"parent":0,"menu_order":0,"comment_status":"closed","ping_status":"closed","template":"","meta":{"footnotes":""},"class_list":["post-469","page","type-page","status-publish","hentry"],"_links":{"self":[{"href":"https:\/\/karlostman.com\/Olle_Wp\/wp-json\/wp\/v2\/pages\/469","targetHints":{"allow":["GET"]}}],"collection":[{"href":"https:\/\/karlostman.com\/Olle_Wp\/wp-json\/wp\/v2\/pages"}],"about":[{"href":"https:\/\/karlostman.com\/Olle_Wp\/wp-json\/wp\/v2\/types\/page"}],"author":[{"embeddable":true,"href":"https:\/\/karlostman.com\/Olle_Wp\/wp-json\/wp\/v2\/users\/1"}],"replies":[{"embeddable":true,"href":"https:\/\/karlostman.com\/Olle_Wp\/wp-json\/wp\/v2\/comments?post=469"}],"version-history":[{"count":13,"href":"https:\/\/karlostman.com\/Olle_Wp\/wp-json\/wp\/v2\/pages\/469\/revisions"}],"predecessor-version":[{"id":790,"href":"https:\/\/karlostman.com\/Olle_Wp\/wp-json\/wp\/v2\/pages\/469\/revisions\/790"}],"wp:attachment":[{"href":"https:\/\/karlostman.com\/Olle_Wp\/wp-json\/wp\/v2\/media?parent=469"}],"curies":[{"name":"wp","href":"https:\/\/api.w.org\/{rel}","templated":true}]}}