{"id":316,"date":"2025-08-28T18:41:13","date_gmt":"2025-08-28T18:41:13","guid":{"rendered":"https:\/\/karlostman.com\/Olle_Wp\/?page_id=316"},"modified":"2025-09-17T18:32:32","modified_gmt":"2025-09-17T18:32:32","slug":"sallskapet","status":"publish","type":"page","link":"https:\/\/karlostman.com\/Olle_Wp\/sallskapet\/","title":{"rendered":"S\u00e4llskapet"},"content":{"rendered":"\n<style type=\"text\/css\" data-created_by=\"avia_inline_auto\" id=\"style-css-av-fq2bw-5c7dc4c8e46d8f41b6bedd9f5d49dea1\">\n.avia-section.av-fq2bw-5c7dc4c8e46d8f41b6bedd9f5d49dea1{\nbackground-color:rgba(237,202,142,0.35);\nbackground-image:unset;\n}\n<\/style>\n<div id='av_section_1'  class='avia-section av-fq2bw-5c7dc4c8e46d8f41b6bedd9f5d49dea1 main_color avia-section-default avia-no-border-styling  avia-builder-el-0  avia-builder-el-no-sibling  avia-bg-style-scroll container_wrap fullsize'  ><div class='container av-section-cont-open' ><main  role=\"main\" itemprop=\"mainContentOfPage\"  class='template-page content  av-content-full alpha units'><div class='post-entry post-entry-type-page post-entry-316'><div class='entry-content-wrapper clearfix'>\n<div  class='flex_column av-mf77yq2f-5cfd45ea8f3198ae3119b58fdac03c2a av_one_half  avia-builder-el-1  el_before_av_one_half  avia-builder-el-first  first flex_column_div  '     ><section  class='av_textblock_section av-mf77zyik-7ef868699c27ddd433084c2b462c962d '   itemscope=\"itemscope\" itemtype=\"https:\/\/schema.org\/CreativeWork\" ><div class='avia_textblock'  itemprop=\"text\" ><h3>Om Karl \u00d6stman-s\u00e4llskapet<\/h3>\n<p>Karl \u00d6stman-s\u00e4llskapet bildades p\u00e5 Sten Rigedahls och Medelpadsakademins initiativ m\u00e5ndagen den 11 november 2002. Syftet med s\u00e4llskapet:<\/p>\n<p>att bevara Karl \u00d6stmans minne och verka i hans anda att utforska Karl \u00d6stmans f\u00f6rfattarskap att utforska samtida lokala arbetarf\u00f6rfattares liv och verk att bef\u00e4sta kunskapen om samtidens historia<\/p>\n<p><strong>Styrelse 2025 <\/strong><br \/>\nOrdf\u00f6rande: Olof Burlin<br \/>\nKass\u00f6r:Olof Burlin<br \/>\nLedam\u00f6ter<br \/>\nStefan Aronson<br \/>\nBarbro Enarsson<br \/>\nVibeke Olsson Falk<br \/>\nMats Westling<\/p>\n<p><strong>Kontakt <\/strong>:<br \/>\no.burlin(at)gmail.com tel 070-2767819<br \/>\nmats.westling1(at)gmail.com<\/p>\n<p>Karl \u00d6stmans dotterson Jan Wredenberg: janwredenberg(at)gmail.com<\/p>\n<p><strong>Vill du bli medlem? <\/strong><br \/>\nMedlemsavgiften \u00e4r 150:- per verksamhets\u00e5r och betalas till pg. 10 97 58 &#8211; 3. Ange namn, adress och g\u00e4rna e-post-adress.<\/p>\n<\/div><\/section><\/div><div  class='flex_column av-rb9o-5604e184be24252b6c81b74dc16484db av_one_half  avia-builder-el-3  el_after_av_one_half  avia-builder-el-last  flex_column_div  '     ><p>\n<style type=\"text\/css\" data-created_by=\"avia_inline_auto\" id=\"style-css-av-mf7tyrqc-fee16badd833b10b53b0ba64b0549364\">\n@keyframes av_boxShadowEffect_av-mf7tyrqc-fee16badd833b10b53b0ba64b0549364 {\n0%   { box-shadow:  0 0 0 0 ; opacity: 1; }\n100% { box-shadow:  0 0 10px 0 ; opacity: 1; }\n}\n.avia-image-container.av-mf7tyrqc-fee16badd833b10b53b0ba64b0549364 img.avia_image{\nbox-shadow: 0 0 10px 0 ;\n}\n.avia-image-container.av-mf7tyrqc-fee16badd833b10b53b0ba64b0549364 .av-image-caption-overlay-center{\ncolor:#ffffff;\n}\n<\/style>\n<div  class='avia-image-container av-mf7tyrqc-fee16badd833b10b53b0ba64b0549364 av-styling- avia_animated_image av-animated-when-visible-95 fade-in avia-align-center  avia-builder-el-4  el_before_av_textblock  avia-builder-el-first  av-img-box-shadow av-box-shadow-not-animated'   itemprop=\"image\" itemscope=\"itemscope\" itemtype=\"https:\/\/schema.org\/ImageObject\" ><div class=\"avia-image-container-inner\"><div class=\"avia-image-overlay-wrap\"><img decoding=\"async\" fetchpriority=\"high\" class='wp-image-141 avia-img-lazy-loading-not-141 avia_image shadow-not-animated' src=\"https:\/\/karlostman.com\/Olle_Wp\/wp-content\/uploads\/2025\/08\/KO_10-222x300.jpg\" alt='' title='K\u00d6_10'  height=\"300\" width=\"222\"  itemprop=\"thumbnailUrl\" srcset=\"https:\/\/karlostman.com\/Olle_Wp\/wp-content\/uploads\/2025\/08\/KO_10-222x300.jpg 222w, https:\/\/karlostman.com\/Olle_Wp\/wp-content\/uploads\/2025\/08\/KO_10-762x1030.jpg 762w, https:\/\/karlostman.com\/Olle_Wp\/wp-content\/uploads\/2025\/08\/KO_10-768x1039.jpg 768w, https:\/\/karlostman.com\/Olle_Wp\/wp-content\/uploads\/2025\/08\/KO_10-1136x1536.jpg 1136w, https:\/\/karlostman.com\/Olle_Wp\/wp-content\/uploads\/2025\/08\/KO_10-1514x2048.jpg 1514w, https:\/\/karlostman.com\/Olle_Wp\/wp-content\/uploads\/2025\/08\/KO_10-1109x1500.jpg 1109w, https:\/\/karlostman.com\/Olle_Wp\/wp-content\/uploads\/2025\/08\/KO_10-521x705.jpg 521w, https:\/\/karlostman.com\/Olle_Wp\/wp-content\/uploads\/2025\/08\/KO_10-scaled.jpg 1893w\" sizes=\"(max-width: 222px) 100vw, 222px\" \/><\/div><\/div><\/div><br \/>\n<section  class='av_textblock_section av-mf7z91gn-2275d1056101fedd04d11265969131c5 '   itemscope=\"itemscope\" itemtype=\"https:\/\/schema.org\/CreativeWork\" ><div class='avia_textblock'  itemprop=\"text\" ><p><strong>K\u00f6p b\u00f6cker av Karl \u00d6stman<\/strong><br \/>\nDe d\u00f6da s\u00e5gverken p\u00e5 Aln\u00f6n, egen utg\u00e5va 2011. 150 :-<br \/>\nI Stenstad, noveller och andra texter av Karl \u00d6stman. Pocket. Nyutg\u00e5va. F\u00f6rfattarnas bokmaskin 2009. 150:-<br \/>\nDen breda v\u00e4gen. Pocket. Nyutg\u00e5va. Ordfront 1977. 45:-<br \/>\nStabbl\u00e4ggare och andra noveller. Pocket. Nyutg\u00e5va. Ordfront 1976. 45:-<br \/>\nTv\u00e5 r\u00f6da pennor. Noveller av Karl \u00d6stman och Maria Sandel. Utgiven av Karl \u00d6stman-s\u00e4llskapet och Maria Sandel-s\u00e4llskapet. 150 :-<br \/>\nPorto tillkommer.<\/p>\n<\/div><\/section><\/p><\/div>\n","protected":false},"excerpt":{"rendered":"","protected":false},"author":1,"featured_media":0,"parent":0,"menu_order":0,"comment_status":"closed","ping_status":"closed","template":"","meta":{"footnotes":""},"class_list":["post-316","page","type-page","status-publish","hentry"],"_links":{"self":[{"href":"https:\/\/karlostman.com\/Olle_Wp\/wp-json\/wp\/v2\/pages\/316","targetHints":{"allow":["GET"]}}],"collection":[{"href":"https:\/\/karlostman.com\/Olle_Wp\/wp-json\/wp\/v2\/pages"}],"about":[{"href":"https:\/\/karlostman.com\/Olle_Wp\/wp-json\/wp\/v2\/types\/page"}],"author":[{"embeddable":true,"href":"https:\/\/karlostman.com\/Olle_Wp\/wp-json\/wp\/v2\/users\/1"}],"replies":[{"embeddable":true,"href":"https:\/\/karlostman.com\/Olle_Wp\/wp-json\/wp\/v2\/comments?post=316"}],"version-history":[{"count":50,"href":"https:\/\/karlostman.com\/Olle_Wp\/wp-json\/wp\/v2\/pages\/316\/revisions"}],"predecessor-version":[{"id":788,"href":"https:\/\/karlostman.com\/Olle_Wp\/wp-json\/wp\/v2\/pages\/316\/revisions\/788"}],"wp:attachment":[{"href":"https:\/\/karlostman.com\/Olle_Wp\/wp-json\/wp\/v2\/media?parent=316"}],"curies":[{"name":"wp","href":"https:\/\/api.w.org\/{rel}","templated":true}]}}