{"id":153,"date":"2025-08-22T13:59:55","date_gmt":"2025-08-22T13:59:55","guid":{"rendered":"https:\/\/karlostman.com\/Olle_Wp\/?page_id=153"},"modified":"2025-09-15T09:20:54","modified_gmt":"2025-09-15T09:20:54","slug":"biografi","status":"publish","type":"page","link":"https:\/\/karlostman.com\/Olle_Wp\/","title":{"rendered":"Biografi"},"content":{"rendered":"\n<style type=\"text\/css\" data-created_by=\"avia_inline_auto\" id=\"style-css-av-memwbl03-55cbbc82582c65cd1ffef6fb2a04d4f8\">\n.avia-section.av-memwbl03-55cbbc82582c65cd1ffef6fb2a04d4f8{\nbackground-color:#b2b2b2;\nbackground-image:unset;\n}\n<\/style>\n<div id='av_section_1'  class='avia-section av-memwbl03-55cbbc82582c65cd1ffef6fb2a04d4f8 main_color avia-section-default avia-shadow  avia-builder-el-0  el_before_av_section  avia-builder-el-first  avia-bg-style-scroll av-minimum-height av-minimum-height-50 av-height-50  container_wrap fullsize'   data-av_minimum_height_pc='50' data-av_min_height_opt='50'><div class='container av-section-cont-open' ><main  role=\"main\" itemprop=\"mainContentOfPage\"  class='template-page content  av-content-full alpha units'><div class='post-entry post-entry-type-page post-entry-153'><div class='entry-content-wrapper clearfix'>\n<div  class='avia-slideshow av-memwd1qa-46dc5cd6ecf6e998944d51007c1dcc97 avia-slideshow-1536x1536 av_slideshow avia-fade-slider  avia-builder-el-1  avia-builder-el-no-sibling  av-slideshow-ui av-control-minimal av-nav-arrows-visible av-no-slider-navigation av-slideshow-autoplay av-loop-endless av-loop-manual-endless av-default-height-applied avia-slideshow-1' data-slideshow-options=\"{&quot;animation&quot;:&quot;fade&quot;,&quot;autoplay&quot;:true,&quot;loop_autoplay&quot;:&quot;endless&quot;,&quot;interval&quot;:5,&quot;loop_manual&quot;:&quot;manual-endless&quot;,&quot;autoplay_stopper&quot;:false,&quot;noNavigation&quot;:false,&quot;bg_slider&quot;:false,&quot;transitionSpeed&quot;:500,&quot;keep_padding&quot;:false,&quot;hoverpause&quot;:false,&quot;show_slide_delay&quot;:0}\"  itemprop=\"image\" itemscope=\"itemscope\" itemtype=\"https:\/\/schema.org\/ImageObject\" ><ul class='avia-slideshow-inner ' style='padding-bottom: 49.4140625%;'><li  class='avia-slideshow-slide av-memwd1qa-46dc5cd6ecf6e998944d51007c1dcc97__0  slide-1 slide-odd'><div data-rel='slideshow-1' class='avia-slide-wrap '   ><div class='av-slideshow-caption av-memwd1qa-46dc5cd6ecf6e998944d51007c1dcc97__0 avia-caption'><div class=\"avia-inner-caption\"><div class='avia-caption-content '  itemprop=\"description\" ><p>Karl \u00d6stman och v\u00e4nnen Moije Vestberg, socialdemokratisk politiker och chefredakt\u00f6r f\u00f6r tidningen Nya Samh\u00e4llet.<\/p>\n<\/div><\/div><\/div><img decoding=\"async\" fetchpriority=\"high\" class=\"wp-image-175 avia-img-lazy-loading-not-175\"  src=\"https:\/\/karlostman.com\/Olle_Wp\/wp-content\/uploads\/2025\/08\/KO_07_med_Moje-1536x759.jpg\" width=\"1536\" height=\"759\" title='K\u00d6_07_med_Moje' alt=''  itemprop=\"thumbnailUrl\" srcset=\"https:\/\/karlostman.com\/Olle_Wp\/wp-content\/uploads\/2025\/08\/KO_07_med_Moje-1536x759.jpg 1536w, https:\/\/karlostman.com\/Olle_Wp\/wp-content\/uploads\/2025\/08\/KO_07_med_Moje-300x148.jpg 300w, https:\/\/karlostman.com\/Olle_Wp\/wp-content\/uploads\/2025\/08\/KO_07_med_Moje-1030x509.jpg 1030w, https:\/\/karlostman.com\/Olle_Wp\/wp-content\/uploads\/2025\/08\/KO_07_med_Moje-768x380.jpg 768w, https:\/\/karlostman.com\/Olle_Wp\/wp-content\/uploads\/2025\/08\/KO_07_med_Moje-2048x1012.jpg 2048w, https:\/\/karlostman.com\/Olle_Wp\/wp-content\/uploads\/2025\/08\/KO_07_med_Moje-1500x742.jpg 1500w, https:\/\/karlostman.com\/Olle_Wp\/wp-content\/uploads\/2025\/08\/KO_07_med_Moje-705x349.jpg 705w\" sizes=\"(max-width: 1536px) 100vw, 1536px\" \/><\/div><\/li><li  class='avia-slideshow-slide av-memwd1qa-46dc5cd6ecf6e998944d51007c1dcc97__1  slide-2 slide-even'><div data-rel='slideshow-1' class='avia-slide-wrap '   ><div class='av-slideshow-caption av-memwd1qa-46dc5cd6ecf6e998944d51007c1dcc97__1 avia-caption'><div class=\"avia-inner-caption\"><div class='avia-caption-content '  itemprop=\"description\" ><p>Fr. v\u00e4: Hilda \u00d6stma, dottern Rut med sonen G\u00f6ran, Karl \u00d6stman vid deras hus i G\u00e4rde.<\/p>\n<\/div><\/div><\/div><img decoding=\"async\" fetchpriority=\"high\" class=\"wp-image-176 avia-img-lazy-loading-not-176\"  src=\"https:\/\/karlostman.com\/Olle_Wp\/wp-content\/uploads\/2025\/08\/KO_41_med_barnbarnet_gw-1-1536x742.jpg\" width=\"1536\" height=\"742\" title='K\u00d6_41_med_barnbarnet_gw' alt=''  itemprop=\"thumbnailUrl\" srcset=\"https:\/\/karlostman.com\/Olle_Wp\/wp-content\/uploads\/2025\/08\/KO_41_med_barnbarnet_gw-1-1536x742.jpg 1536w, https:\/\/karlostman.com\/Olle_Wp\/wp-content\/uploads\/2025\/08\/KO_41_med_barnbarnet_gw-1-300x145.jpg 300w, https:\/\/karlostman.com\/Olle_Wp\/wp-content\/uploads\/2025\/08\/KO_41_med_barnbarnet_gw-1-1030x498.jpg 1030w, https:\/\/karlostman.com\/Olle_Wp\/wp-content\/uploads\/2025\/08\/KO_41_med_barnbarnet_gw-1-768x371.jpg 768w, https:\/\/karlostman.com\/Olle_Wp\/wp-content\/uploads\/2025\/08\/KO_41_med_barnbarnet_gw-1-1500x725.jpg 1500w, https:\/\/karlostman.com\/Olle_Wp\/wp-content\/uploads\/2025\/08\/KO_41_med_barnbarnet_gw-1-705x341.jpg 705w, https:\/\/karlostman.com\/Olle_Wp\/wp-content\/uploads\/2025\/08\/KO_41_med_barnbarnet_gw-1.jpg 1987w\" sizes=\"(max-width: 1536px) 100vw, 1536px\" \/><\/div><\/li><li  class='avia-slideshow-slide av-memwd1qa-46dc5cd6ecf6e998944d51007c1dcc97__2  slide-3 slide-odd'><div data-rel='slideshow-1' class='avia-slide-wrap '   ><div class='av-slideshow-caption av-memwd1qa-46dc5cd6ecf6e998944d51007c1dcc97__2 avia-caption'><div class=\"avia-inner-caption\"><div class='avia-caption-content '  itemprop=\"description\" ><p>Hilda och Karl \u00d6stman p\u00e5 \u00e5lderns dagar.<\/p>\n<\/div><\/div><\/div><img decoding=\"async\" fetchpriority=\"high\" class=\"wp-image-177 avia-img-lazy-loading-not-177\"  src=\"https:\/\/karlostman.com\/Olle_Wp\/wp-content\/uploads\/2025\/08\/KO_F_07_med_hilda_pa_gamla_dar-1536x808.jpg\" width=\"1536\" height=\"808\" title='K\u00d6_F_07_med_hilda_p\u00e5_gamla_dar' alt=''  itemprop=\"thumbnailUrl\" srcset=\"https:\/\/karlostman.com\/Olle_Wp\/wp-content\/uploads\/2025\/08\/KO_F_07_med_hilda_pa_gamla_dar-1536x808.jpg 1536w, https:\/\/karlostman.com\/Olle_Wp\/wp-content\/uploads\/2025\/08\/KO_F_07_med_hilda_pa_gamla_dar-300x158.jpg 300w, https:\/\/karlostman.com\/Olle_Wp\/wp-content\/uploads\/2025\/08\/KO_F_07_med_hilda_pa_gamla_dar-1030x542.jpg 1030w, https:\/\/karlostman.com\/Olle_Wp\/wp-content\/uploads\/2025\/08\/KO_F_07_med_hilda_pa_gamla_dar-768x404.jpg 768w, https:\/\/karlostman.com\/Olle_Wp\/wp-content\/uploads\/2025\/08\/KO_F_07_med_hilda_pa_gamla_dar-2048x1077.jpg 2048w, https:\/\/karlostman.com\/Olle_Wp\/wp-content\/uploads\/2025\/08\/KO_F_07_med_hilda_pa_gamla_dar-1500x789.jpg 1500w, https:\/\/karlostman.com\/Olle_Wp\/wp-content\/uploads\/2025\/08\/KO_F_07_med_hilda_pa_gamla_dar-705x371.jpg 705w\" sizes=\"(max-width: 1536px) 100vw, 1536px\" \/><\/div><\/li><\/ul><div class='avia-slideshow-arrows avia-slideshow-controls' ><a href='#prev' class='prev-slide  avia-svg-icon avia-font-svg_entypo-fontello' data-av_svg_icon='left-open-big' data-av_iconset='svg_entypo-fontello' tabindex='-1' title=\"Previous\"><svg version=\"1.1\" xmlns=\"http:\/\/www.w3.org\/2000\/svg\" width=\"15\" height=\"32\" viewBox=\"0 0 15 32\" preserveAspectRatio=\"xMidYMid meet\" aria-labelledby='av-svg-title-1' aria-describedby='av-svg-desc-1' role=\"graphics-symbol\" aria-hidden=\"true\">\n<title id='av-svg-title-1'>Previous<\/title>\n<desc id='av-svg-desc-1'>Previous<\/desc>\n<path d=\"M14.464 27.84q0.832 0.832 0 1.536-0.832 0.832-1.536 0l-12.544-12.608q-0.768-0.768 0-1.6l12.544-12.608q0.704-0.832 1.536 0 0.832 0.704 0 1.536l-11.456 11.904z\"><\/path>\n<\/svg><span class='avia_hidden_link_text'>Previous<\/span><\/a><a href='#next' class='next-slide  avia-svg-icon avia-font-svg_entypo-fontello' data-av_svg_icon='right-open-big' data-av_iconset='svg_entypo-fontello' tabindex='-1' title=\"Next\"><svg version=\"1.1\" xmlns=\"http:\/\/www.w3.org\/2000\/svg\" width=\"15\" height=\"32\" viewBox=\"0 0 15 32\" preserveAspectRatio=\"xMidYMid meet\" aria-labelledby='av-svg-title-2' aria-describedby='av-svg-desc-2' role=\"graphics-symbol\" aria-hidden=\"true\">\n<title id='av-svg-title-2'>Next<\/title>\n<desc id='av-svg-desc-2'>Next<\/desc>\n<path d=\"M0.416 27.84l11.456-11.84-11.456-11.904q-0.832-0.832 0-1.536 0.832-0.832 1.536 0l12.544 12.608q0.768 0.832 0 1.6l-12.544 12.608q-0.704 0.832-1.536 0-0.832-0.704 0-1.536z\"><\/path>\n<\/svg><span class='avia_hidden_link_text'>Next<\/span><\/a><\/div><\/div>\n\n<\/div><\/div><\/main><!-- close content main element --><\/div><\/div>\n<style type=\"text\/css\" data-created_by=\"avia_inline_auto\" id=\"style-css-av-dyt75-fa9096f80f1288adc2ac7e1a7abfd7d2\">\n.avia-section.av-dyt75-fa9096f80f1288adc2ac7e1a7abfd7d2{\nbackground-color:rgba(237,202,142,0.35);\nbackground-image:unset;\n}\n<\/style>\n<div id='av_section_2'  class='avia-section av-dyt75-fa9096f80f1288adc2ac7e1a7abfd7d2 main_color avia-section-default avia-no-border-styling  avia-builder-el-2  el_after_av_section  el_before_av_section  avia-bg-style-scroll container_wrap fullsize'  ><div class='container av-section-cont-open' ><div class='template-page content  av-content-full alpha units'><div class='post-entry post-entry-type-page post-entry-153'><div class='entry-content-wrapper clearfix'>\n<section  class='av_textblock_section av-meonkrp8-b661b644f35484a92303e116b2fc8c66 '   itemscope=\"itemscope\" itemtype=\"https:\/\/schema.org\/CreativeWork\" ><div class='avia_textblock'  itemprop=\"text\" ><p>Karl \u00d6stman f\u00f6ddes 1876 i \u00c5ngermanland men flyttade ganska snart till Medelpad och Sundsvallstrakten som var en riktig \u201dguldkust\u201d vid den h\u00e4r tiden tack vare den expansiva tr\u00e4industrin. \u00d6stman arbetade fr\u00e5n unga \u00e5r och hans arbete innebar en del kringflackande och till och med en kort sejour till Murmansk-kusten.<\/p>\n<p>S\u00e5som arbetartraditionen bj\u00f6d vid s\u00e5gverken, var man beroende av de olika \u00e5rstiderna d\u00e5 de inbj\u00f6d till olika arbeten. Under den isfria tiden var det br\u00e4dg\u00e5rdar, s\u00e5gverk och kapverk som var arbetsgivaren. Men n\u00e4r isen lade sig var man d\u00f6md till arbetsl\u00f6shet eller att ge sig ut i skogarna f\u00f6r att hugga tr\u00e4d.<\/p>\n<p>Under dessa f\u00f6rh\u00e5llanden inledde Karl \u00d6stman sin bana som f\u00f6rfattare. \u00d6stman ber\u00e4ttar sj\u00e4lv om sitt f\u00f6rfattarskap: \u201d- Hur jag kunnat bli f\u00f6rfattare \u00e4r mig ocks\u00e5 en g\u00e5ta. Det litter\u00e4ra arbetet var lika sv\u00e5rt som att hugga sig fram i berg med primitiva verktyg redan fr\u00e5n b\u00f6rjan, och s\u00e5 \u00e4r det v\u00e4l \u00e4nnu. Men p\u00e5 s\u00e5gverken s\u00e5g och k\u00e4nde jag mycket av den or\u00e4ttf\u00e4rdighet och det f\u00f6rtryck \u00f6ver folket, som manar starkt till protester, och n\u00e5gon lust att \u2019spela upp\u2019 hade jag i blodet kanske.\u201d Karl \u00d6stman levde ett \u201ddubbelliv\u201d skulle man kunna s\u00e4ga; ont slitande s\u00e5gverksarbetare p\u00e5 dagarna, ont slitande f\u00f6rfattare p\u00e5 n\u00e4tterna.<\/p>\n<p>\u00c5r 1936 skadade sig Karl \u00d6stman sv\u00e5rt. Han f\u00f6ll ner fr\u00e5n en stabbe \u2013 upplag av virke, cirka sex meter h\u00f6g- och kunde p\u00e5 grund av sviterna fr\u00e5n skadan inte forts\u00e4tta att arbeta vid s\u00e5gverket. Vid denna tid hade han publicerat b\u00f6ckerna Pilgrimer (1909), En fiol och en kvinna (1912), Hunger (1916) och Den breda v\u00e4gen (1923). Karl \u00d6stman var \u00e4ven flitig skribent i dagspressen, samt att han publicerade noveller enbart f\u00f6r tidningarna. Han dog 1953.<\/p>\n<\/div><\/section>\n\n<\/div><\/div><\/div><!-- close content main div --><\/div><\/div>\n<style type=\"text\/css\" data-created_by=\"avia_inline_auto\" id=\"style-css-av-mer8wrar-db759b196691493b0d8b1e075d0c0005\">\n.avia-section.av-mer8wrar-db759b196691493b0d8b1e075d0c0005{\nbackground-repeat:no-repeat;\nbackground-image:url(https:\/\/karlostman.com\/Olle_Wp\/wp-content\/uploads\/2025\/08\/personal_hholm_besk-300x124.jpg);\nbackground-position:0% 0%;\nbackground-attachment:scroll;\n}\n<\/style>\n<div id='av_section_3'  class='avia-section av-mer8wrar-db759b196691493b0d8b1e075d0c0005 main_color avia-section-default avia-no-border-styling  avia-builder-el-4  el_after_av_section  avia-builder-el-last  avia-full-stretch avia-bg-style-scroll av-minimum-height av-minimum-height-custom av-height-custom  container_wrap fullsize'  data-section-bg-repeat='stretch' data-av_minimum_height_px='300'><div class='container av-section-cont-open' style='height:300px'><div class='template-page content  av-content-full alpha units'><div class='post-entry post-entry-type-page post-entry-153'><div class='entry-content-wrapper clearfix'>\n<div  class='flex_column av-wu7t-269715ada9115ce9f7c177b703262898 av_one_third  avia-builder-el-5  el_before_av_one_third  avia-builder-el-first  first flex_column_div  '     ><p>\n<style type=\"text\/css\" data-created_by=\"avia_inline_auto\" id=\"style-css-av-mesnsc3q-e4e53675cb1180b9bdb05c3493a162f8\">\n.avia-image-container.av-mesnsc3q-e4e53675cb1180b9bdb05c3493a162f8 img.avia_image{\nbox-shadow:none;\n}\n.avia-image-container.av-mesnsc3q-e4e53675cb1180b9bdb05c3493a162f8 .av-image-caption-overlay-center{\ncolor:#ffffff;\n}\n<\/style>\n<div  class='avia-image-container av-mesnsc3q-e4e53675cb1180b9bdb05c3493a162f8 av-styling- avia-align-center  avia-builder-el-6  el_before_av_textblock  avia-builder-el-first '   itemprop=\"image\" itemscope=\"itemscope\" itemtype=\"https:\/\/schema.org\/ImageObject\" ><div class=\"avia-image-container-inner\"><div class=\"avia-image-overlay-wrap\"><img decoding=\"async\" fetchpriority=\"high\" class='wp-image-216 avia-img-lazy-loading-not-216 avia_image ' src=\"https:\/\/karlostman.com\/Olle_Wp\/wp-content\/uploads\/2025\/08\/karl_besk-230x300.jpg\" alt='' title='karl_besk'  height=\"300\" width=\"230\"  itemprop=\"thumbnailUrl\" srcset=\"https:\/\/karlostman.com\/Olle_Wp\/wp-content\/uploads\/2025\/08\/karl_besk-230x300.jpg 230w, https:\/\/karlostman.com\/Olle_Wp\/wp-content\/uploads\/2025\/08\/karl_besk-540x705.jpg 540w, https:\/\/karlostman.com\/Olle_Wp\/wp-content\/uploads\/2025\/08\/karl_besk.jpg 554w\" sizes=\"(max-width: 230px) 100vw, 230px\" \/><\/div><\/div><\/div><br \/>\n<section  class='av_textblock_section av-7yp3t-051a5f39701854a7dd875fab30bfb501 '   itemscope=\"itemscope\" itemtype=\"https:\/\/schema.org\/CreativeWork\" ><div class='avia_textblock'  itemprop=\"text\" ><h4 style=\"color:white; background-color: black\">Karl \u00d6stman f\u00f6ddes 1876 i \u00c5ngermanland men flyttade ganska snart till Medelpad och Sundsvalls-trakten. \u00d6stman arbetade fr\u00e5n unga \u00e5r, mest i s\u00e5gverksindustrin. Han dog 1953.<\/h4>\n<\/div><\/section><\/p><\/div><div  class='flex_column av-dn3wh-f9d1f11d55ae36c89bf19b2c7d1a606b av_one_third  avia-builder-el-8  el_after_av_one_third  el_before_av_one_third  flex_column_div  '     ><p>\n<style type=\"text\/css\" data-created_by=\"avia_inline_auto\" id=\"style-css-av-mesqc38j-e7654dcafb7bfadedfe09bfc88a0b425\">\n.avia-image-container.av-mesqc38j-e7654dcafb7bfadedfe09bfc88a0b425 img.avia_image{\nbox-shadow:none;\n}\n.avia-image-container.av-mesqc38j-e7654dcafb7bfadedfe09bfc88a0b425 .av-image-caption-overlay-center{\ncolor:#ffffff;\n}\n<\/style>\n<div  class='avia-image-container av-mesqc38j-e7654dcafb7bfadedfe09bfc88a0b425 av-styling- avia-align-center  avia-builder-el-9  el_before_av_textblock  avia-builder-el-first '   itemprop=\"image\" itemscope=\"itemscope\" itemtype=\"https:\/\/schema.org\/ImageObject\" ><div class=\"avia-image-container-inner\"><div class=\"avia-image-overlay-wrap\"><img decoding=\"async\" fetchpriority=\"high\" class='wp-image-215 avia-img-lazy-loading-not-215 avia_image ' src=\"https:\/\/karlostman.com\/Olle_Wp\/wp-content\/uploads\/2025\/08\/hilda_besk-202x300.jpg\" alt='' title='hilda_besk'  height=\"300\" width=\"202\"  itemprop=\"thumbnailUrl\" srcset=\"https:\/\/karlostman.com\/Olle_Wp\/wp-content\/uploads\/2025\/08\/hilda_besk-202x300.jpg 202w, https:\/\/karlostman.com\/Olle_Wp\/wp-content\/uploads\/2025\/08\/hilda_besk-474x705.jpg 474w, https:\/\/karlostman.com\/Olle_Wp\/wp-content\/uploads\/2025\/08\/hilda_besk.jpg 536w\" sizes=\"(max-width: 202px) 100vw, 202px\" \/><\/div><\/div><\/div><br \/>\n<section  class='av_textblock_section av-mesqect9-3812e991305346a0a7db542d64c03cd3 '   itemscope=\"itemscope\" itemtype=\"https:\/\/schema.org\/CreativeWork\" ><div class='avia_textblock'  itemprop=\"text\" ><h4 style=\"color: white; background-color: black;\">Hilda \u00d6stman: 1887 10\/9 -1987 05\/21. 1906 gifte sig Karl \u00d6stman och Hilda Sandstr\u00f6m. De kom att leva m\u00e5nga \u00e5r tillsammans. Hilda  var d\u00e5 hon avled vid en \u00e5lder av 99 \u00e5r, Sundsvalls \u00e4ldsta inv\u00e5nare.<\/h4>\n<\/div><\/section><\/p><\/div><div  class='flex_column av-bweyh-fa84584f23ef6b55ee50c9b99daa8c26 av_one_third  avia-builder-el-11  el_after_av_one_third  avia-builder-el-last  flex_column_div  '     ><p>\n<style type=\"text\/css\" data-created_by=\"avia_inline_auto\" id=\"style-css-av-mesqf1v6-e362785ba5a19debcfb5c5ae2268b8db\">\n.avia-image-container.av-mesqf1v6-e362785ba5a19debcfb5c5ae2268b8db img.avia_image{\nbox-shadow:none;\n}\n.avia-image-container.av-mesqf1v6-e362785ba5a19debcfb5c5ae2268b8db .av-image-caption-overlay-center{\ncolor:#ffffff;\n}\n<\/style>\n<div  class='avia-image-container av-mesqf1v6-e362785ba5a19debcfb5c5ae2268b8db av-styling- avia-align-center  avia-builder-el-12  el_before_av_textblock  avia-builder-el-first '   itemprop=\"image\" itemscope=\"itemscope\" itemtype=\"https:\/\/schema.org\/ImageObject\" ><div class=\"avia-image-container-inner\"><div class=\"avia-image-overlay-wrap\"><img decoding=\"async\" fetchpriority=\"high\" class='wp-image-221 avia-img-lazy-loading-not-221 avia_image ' src=\"https:\/\/karlostman.com\/Olle_Wp\/wp-content\/uploads\/2025\/08\/rut_besk-1-168x300.jpg\" alt='' title='rut_besk'  height=\"300\" width=\"168\"  itemprop=\"thumbnailUrl\" srcset=\"https:\/\/karlostman.com\/Olle_Wp\/wp-content\/uploads\/2025\/08\/rut_besk-1-168x300.jpg 168w, https:\/\/karlostman.com\/Olle_Wp\/wp-content\/uploads\/2025\/08\/rut_besk-1.jpg 307w\" sizes=\"(max-width: 168px) 100vw, 168px\" \/><\/div><\/div><\/div><br \/>\n<section  class='av_textblock_section av-mesqggmu-41da8b1e702c854dcc943e8337d84e6d '   itemscope=\"itemscope\" itemtype=\"https:\/\/schema.org\/CreativeWork\" ><div class='avia_textblock'  itemprop=\"text\" ><h4 style=\"color: white; background-color: black;\">Rut Wredenberg: 1906 07\/4 -2001 02\/3. Karl \u00d6stman\u00a0 och Hilda fick tre barn, varav tv\u00e5 dog i tbc vid ung\u00a0 \u00e5lder. H\u00e4r \u00e4r en bild p\u00e5 dottern Rut. Hon gifte sig och fick som Rut Wredenberg, tv\u00e5 barn, G\u00f6ran och Jan. Fick \u00e4ven hon ett l\u00e5ngt liv och uppn\u00e5dde en\u00a0 \u00e5lder av 94 \u00e5r-<\/h4>\n<\/div><\/section><\/p><\/div>\n","protected":false},"excerpt":{"rendered":"","protected":false},"author":1,"featured_media":0,"parent":0,"menu_order":0,"comment_status":"closed","ping_status":"closed","template":"","meta":{"footnotes":""},"class_list":["post-153","page","type-page","status-publish","hentry"],"_links":{"self":[{"href":"https:\/\/karlostman.com\/Olle_Wp\/wp-json\/wp\/v2\/pages\/153","targetHints":{"allow":["GET"]}}],"collection":[{"href":"https:\/\/karlostman.com\/Olle_Wp\/wp-json\/wp\/v2\/pages"}],"about":[{"href":"https:\/\/karlostman.com\/Olle_Wp\/wp-json\/wp\/v2\/types\/page"}],"author":[{"embeddable":true,"href":"https:\/\/karlostman.com\/Olle_Wp\/wp-json\/wp\/v2\/users\/1"}],"replies":[{"embeddable":true,"href":"https:\/\/karlostman.com\/Olle_Wp\/wp-json\/wp\/v2\/comments?post=153"}],"version-history":[{"count":102,"href":"https:\/\/karlostman.com\/Olle_Wp\/wp-json\/wp\/v2\/pages\/153\/revisions"}],"predecessor-version":[{"id":777,"href":"https:\/\/karlostman.com\/Olle_Wp\/wp-json\/wp\/v2\/pages\/153\/revisions\/777"}],"wp:attachment":[{"href":"https:\/\/karlostman.com\/Olle_Wp\/wp-json\/wp\/v2\/media?parent=153"}],"curies":[{"name":"wp","href":"https:\/\/api.w.org\/{rel}","templated":true}]}}